{"id":10570,"date":"2024-04-09T12:41:05","date_gmt":"2024-04-09T12:41:05","guid":{"rendered":"https:\/\/test.escapade-hotels.com\/?post_type=product&#038;p=10570"},"modified":"2024-04-09T22:21:53","modified_gmt":"2024-04-09T22:21:53","slug":"la-ville-essaouira-mogador","status":"publish","type":"product","link":"https:\/\/test.escapade-hotels.com\/index.php\/product\/la-ville-essaouira-mogador\/","title":{"rendered":"LA VILLE ESSAOUIRA MOGADOR"},"content":{"rendered":"","protected":false},"excerpt":{"rendered":"<p><b>Passez une journ\u00e9e exceptionnelle lors d\u2019une excursion \u00e0 Essaouira au d\u00e9part de MARRAKECH.<\/b><\/p>\n<p>Consid\u00e9r\u00e9e comme l\u2019une des plus belles villes du Maroc sur la c\u00f4te atlantique. Anciennement connue sous le nom de Mogador et construite en alliant l\u2019architecture europ\u00e9enne ancienne et l\u2019urbanisme arabo-musulman.<br \/>\nEssaouira figure parmi les destinations incontournables pour tout touriste souhaitant d\u00e9couvrir le Maroc. Id\u00e9ale pour ceux qui cherchent \u00e0 s\u2019\u00e9vader de l\u2019agitation des villes modernes et pr\u00e9f\u00e8rent vivre une exp\u00e9rience calme et reposante.<br \/>\nUne fois \u00e0 Essaouira, vous aurez le temps d\u2019admirer la vue imprenable sur l\u2019atlantique, profitez de l\u2019immensit\u00e9 de ses plages avec le reflet de la couleur bleue fluorescente \u00e0 perte de vue.<br \/>\nLaissez-vous emporter par la beaut\u00e9 de ses murailles de style Vauban qui prot\u00e9geaient enti\u00e8rement la ville des invasions \u00e9trang\u00e8res.<br \/>\nVous aurez aussi l\u2019occasion de fl\u00e2ner dans les ruelles de la M\u00e9dina &#8221; Mogador &#8221; et d\u00e9couvrir son patrimoine historique et culturel, discuter avec les artisans et s\u2019impr\u00e9gner de leur authenticit\u00e9 dans une ambiance marocaine typique.<br \/>\nLors de cette excursion \u00e0 Essaouira, vous aurez le temps de vous balader dans les souks en admirant les diff\u00e9rents souvenirs traditionnels fabriqu\u00e9s \u00e0 la main.<br \/>\nPrenez le temps de visiter le port de p\u00eache d\u2019Essaouira, il fait partie des endroits les plus anim\u00e9s de la ville notamment en d\u00e9but d\u2019apr\u00e8s-midi quand les bateaux de p\u00eache rentrent d\u00e9charger leurs prises du jour, vous pourrez bien s\u00fbr b\u00e9n\u00e9ficier d\u2019une d\u00e9gustation imm\u00e9diate, \u00e0 quelques pas du port, vous trouverez des gargotes qui cuisinent et servent une vari\u00e9t\u00e9 de ces produits frais.<\/p>\n<div class=\"col-lg-9\">\n<h4>Ce qui est inclus :<\/h4>\n<ul class=\"list_ok\">\n<li>Prise en charge et retour \u00e0 l&#8217;h\u00f4tel.<\/li>\n<li>V\u00e9hicule priv\u00e9 climatis\u00e9<\/li>\n<li>Repas inclus<\/li>\n<li>Guide conf\u00e9rencier<\/li>\n<\/ul>\n<h4>Ce qui n&#8217;est pas inclus :<\/h4>\n<ul class=\"list_ok\">\n<li>D\u00e9penses personnelles<\/li>\n<li>Pourboires<\/li>\n<\/ul>\n<\/div>\n","protected":false},"featured_media":10600,"comment_status":"open","ping_status":"closed","template":"","meta":[],"product_cat":[110,107],"product_tag":[],"class_list":{"0":"post-10570","1":"product","2":"type-product","3":"status-publish","4":"has-post-thumbnail","6":"product_cat-excursions","7":"product_cat-excursions-marrakech","9":"first","10":"instock","11":"shipping-taxable","12":"purchasable","13":"product-type-simple"},"yoast_head":"<!-- This site is optimized with the Yoast SEO plugin v23.3 - https:\/\/yoast.com\/wordpress\/plugins\/seo\/ -->\n<title>LA VILLE ESSAOUIRA MOGADOR - test.escapade-hotels.com<\/title>\n<meta name=\"robots\" content=\"index, follow, max-snippet:-1, max-image-preview:large, max-video-preview:-1\" \/>\n<link rel=\"canonical\" href=\"https:\/\/test.escapade-hotels.com\/index.php\/product\/la-ville-essaouira-mogador\/\" \/>\n<meta property=\"og:locale\" content=\"fr_FR\" \/>\n<meta property=\"og:type\" content=\"article\" \/>\n<meta property=\"og:title\" content=\"LA VILLE ESSAOUIRA MOGADOR - test.escapade-hotels.com\" \/>\n<meta property=\"og:description\" content=\"Passez une journ\u00e9e exceptionnelle lors d\u2019une excursion \u00e0 Essaouira au d\u00e9part de MARRAKECH.  Consid\u00e9r\u00e9e comme l\u2019une des plus belles villes du Maroc sur la c\u00f4te atlantique. Anciennement connue sous le nom de Mogador et construite en alliant l\u2019architecture europ\u00e9enne ancienne et l\u2019urbanisme arabo-musulman. Essaouira figure parmi les destinations incontournables pour tout touriste souhaitant d\u00e9couvrir le Maroc. Id\u00e9ale pour ceux qui cherchent \u00e0 s\u2019\u00e9vader de l\u2019agitation des villes modernes et pr\u00e9f\u00e8rent vivre une exp\u00e9rience calme et reposante. Une fois \u00e0 Essaouira, vous aurez le temps d\u2019admirer la vue imprenable sur l\u2019atlantique, profitez de l\u2019immensit\u00e9 de ses plages avec le reflet de la couleur bleue fluorescente \u00e0 perte de vue. Laissez-vous emporter par la beaut\u00e9 de ses murailles de style Vauban qui prot\u00e9geaient enti\u00e8rement la ville des invasions \u00e9trang\u00e8res. Vous aurez aussi l\u2019occasion de fl\u00e2ner dans les ruelles de la M\u00e9dina &quot; Mogador &quot; et d\u00e9couvrir son patrimoine historique et culturel, discuter avec les artisans et s\u2019impr\u00e9gner de leur authenticit\u00e9 dans une ambiance marocaine typique. Lors de cette excursion \u00e0 Essaouira, vous aurez le temps de vous balader dans les souks en admirant les diff\u00e9rents souvenirs traditionnels fabriqu\u00e9s \u00e0 la main. Prenez le temps de visiter le port de p\u00eache d\u2019Essaouira, il fait partie des endroits les plus anim\u00e9s de la ville notamment en d\u00e9but d\u2019apr\u00e8s-midi quand les bateaux de p\u00eache rentrent d\u00e9charger leurs prises du jour, vous pourrez bien s\u00fbr b\u00e9n\u00e9ficier d\u2019une d\u00e9gustation imm\u00e9diate, \u00e0 quelques pas du port, vous trouverez des gargotes qui cuisinent et servent une vari\u00e9t\u00e9 de ces produits frais.  Ce qui est inclus :   Prise en charge et retour \u00e0 l&#039;h\u00f4tel.  V\u00e9hicule priv\u00e9 climatis\u00e9  Repas inclus  Guide conf\u00e9rencier  Ce qui n&#039;est pas inclus :   D\u00e9penses personnelles  Pourboires\" \/>\n<meta property=\"og:url\" content=\"https:\/\/test.escapade-hotels.com\/index.php\/product\/la-ville-essaouira-mogador\/\" \/>\n<meta property=\"og:site_name\" content=\"test.escapade-hotels.com\" \/>\n<meta property=\"article:modified_time\" content=\"2024-04-09T22:21:53+00:00\" \/>\n<meta property=\"og:image\" content=\"https:\/\/test.escapade-hotels.com\/wp-content\/uploads\/2024\/04\/Untitled-design-7-1300x731.png\" \/>\n\t<meta property=\"og:image:width\" content=\"1300\" \/>\n\t<meta property=\"og:image:height\" content=\"731\" \/>\n\t<meta property=\"og:image:type\" content=\"image\/png\" \/>\n<meta name=\"twitter:card\" content=\"summary_large_image\" \/>\n<script type=\"application\/ld+json\" class=\"yoast-schema-graph\">{\"@context\":\"https:\/\/schema.org\",\"@graph\":[{\"@type\":\"WebPage\",\"@id\":\"https:\/\/test.escapade-hotels.com\/index.php\/product\/la-ville-essaouira-mogador\/\",\"url\":\"https:\/\/test.escapade-hotels.com\/index.php\/product\/la-ville-essaouira-mogador\/\",\"name\":\"LA VILLE ESSAOUIRA MOGADOR - test.escapade-hotels.com\",\"isPartOf\":{\"@id\":\"https:\/\/test.escapade-hotels.com\/#website\"},\"primaryImageOfPage\":{\"@id\":\"https:\/\/test.escapade-hotels.com\/index.php\/product\/la-ville-essaouira-mogador\/#primaryimage\"},\"image\":{\"@id\":\"https:\/\/test.escapade-hotels.com\/index.php\/product\/la-ville-essaouira-mogador\/#primaryimage\"},\"thumbnailUrl\":\"https:\/\/test.escapade-hotels.com\/wp-content\/uploads\/2024\/04\/Untitled-design-7.png\",\"datePublished\":\"2024-04-09T12:41:05+00:00\",\"dateModified\":\"2024-04-09T22:21:53+00:00\",\"breadcrumb\":{\"@id\":\"https:\/\/test.escapade-hotels.com\/index.php\/product\/la-ville-essaouira-mogador\/#breadcrumb\"},\"inLanguage\":\"fr-FR\",\"potentialAction\":[{\"@type\":\"ReadAction\",\"target\":[\"https:\/\/test.escapade-hotels.com\/index.php\/product\/la-ville-essaouira-mogador\/\"]}]},{\"@type\":\"ImageObject\",\"inLanguage\":\"fr-FR\",\"@id\":\"https:\/\/test.escapade-hotels.com\/index.php\/product\/la-ville-essaouira-mogador\/#primaryimage\",\"url\":\"https:\/\/test.escapade-hotels.com\/wp-content\/uploads\/2024\/04\/Untitled-design-7.png\",\"contentUrl\":\"https:\/\/test.escapade-hotels.com\/wp-content\/uploads\/2024\/04\/Untitled-design-7.png\",\"width\":1920,\"height\":1080},{\"@type\":\"BreadcrumbList\",\"@id\":\"https:\/\/test.escapade-hotels.com\/index.php\/product\/la-ville-essaouira-mogador\/#breadcrumb\",\"itemListElement\":[{\"@type\":\"ListItem\",\"position\":1,\"name\":\"Accueil\",\"item\":\"https:\/\/test.escapade-hotels.com\/\"},{\"@type\":\"ListItem\",\"position\":2,\"name\":\"Shop\",\"item\":\"https:\/\/test.escapade-hotels.com\/index.php\/shop\/\"},{\"@type\":\"ListItem\",\"position\":3,\"name\":\"LA VILLE ESSAOUIRA MOGADOR\"}]},{\"@type\":\"WebSite\",\"@id\":\"https:\/\/test.escapade-hotels.com\/#website\",\"url\":\"https:\/\/test.escapade-hotels.com\/\",\"name\":\"test.escapade-hotels.com\",\"description\":\"Escapade H\u00f4tels agence de voyage\",\"potentialAction\":[{\"@type\":\"SearchAction\",\"target\":{\"@type\":\"EntryPoint\",\"urlTemplate\":\"https:\/\/test.escapade-hotels.com\/?s={search_term_string}\"},\"query-input\":\"required name=search_term_string\"}],\"inLanguage\":\"fr-FR\"}]}<\/script>\n<!-- \/ Yoast SEO plugin. -->","yoast_head_json":{"title":"LA VILLE ESSAOUIRA MOGADOR - test.escapade-hotels.com","robots":{"index":"index","follow":"follow","max-snippet":"max-snippet:-1","max-image-preview":"max-image-preview:large","max-video-preview":"max-video-preview:-1"},"canonical":"https:\/\/test.escapade-hotels.com\/index.php\/product\/la-ville-essaouira-mogador\/","og_locale":"fr_FR","og_type":"article","og_title":"LA VILLE ESSAOUIRA MOGADOR - test.escapade-hotels.com","og_description":"Passez une journ\u00e9e exceptionnelle lors d\u2019une excursion \u00e0 Essaouira au d\u00e9part de MARRAKECH.  Consid\u00e9r\u00e9e comme l\u2019une des plus belles villes du Maroc sur la c\u00f4te atlantique. Anciennement connue sous le nom de Mogador et construite en alliant l\u2019architecture europ\u00e9enne ancienne et l\u2019urbanisme arabo-musulman. Essaouira figure parmi les destinations incontournables pour tout touriste souhaitant d\u00e9couvrir le Maroc. Id\u00e9ale pour ceux qui cherchent \u00e0 s\u2019\u00e9vader de l\u2019agitation des villes modernes et pr\u00e9f\u00e8rent vivre une exp\u00e9rience calme et reposante. Une fois \u00e0 Essaouira, vous aurez le temps d\u2019admirer la vue imprenable sur l\u2019atlantique, profitez de l\u2019immensit\u00e9 de ses plages avec le reflet de la couleur bleue fluorescente \u00e0 perte de vue. Laissez-vous emporter par la beaut\u00e9 de ses murailles de style Vauban qui prot\u00e9geaient enti\u00e8rement la ville des invasions \u00e9trang\u00e8res. Vous aurez aussi l\u2019occasion de fl\u00e2ner dans les ruelles de la M\u00e9dina \" Mogador \" et d\u00e9couvrir son patrimoine historique et culturel, discuter avec les artisans et s\u2019impr\u00e9gner de leur authenticit\u00e9 dans une ambiance marocaine typique. Lors de cette excursion \u00e0 Essaouira, vous aurez le temps de vous balader dans les souks en admirant les diff\u00e9rents souvenirs traditionnels fabriqu\u00e9s \u00e0 la main. Prenez le temps de visiter le port de p\u00eache d\u2019Essaouira, il fait partie des endroits les plus anim\u00e9s de la ville notamment en d\u00e9but d\u2019apr\u00e8s-midi quand les bateaux de p\u00eache rentrent d\u00e9charger leurs prises du jour, vous pourrez bien s\u00fbr b\u00e9n\u00e9ficier d\u2019une d\u00e9gustation imm\u00e9diate, \u00e0 quelques pas du port, vous trouverez des gargotes qui cuisinent et servent une vari\u00e9t\u00e9 de ces produits frais.  Ce qui est inclus :   Prise en charge et retour \u00e0 l'h\u00f4tel.  V\u00e9hicule priv\u00e9 climatis\u00e9  Repas inclus  Guide conf\u00e9rencier  Ce qui n'est pas inclus :   D\u00e9penses personnelles  Pourboires","og_url":"https:\/\/test.escapade-hotels.com\/index.php\/product\/la-ville-essaouira-mogador\/","og_site_name":"test.escapade-hotels.com","article_modified_time":"2024-04-09T22:21:53+00:00","og_image":[{"width":1300,"height":731,"url":"https:\/\/test.escapade-hotels.com\/wp-content\/uploads\/2024\/04\/Untitled-design-7-1300x731.png","type":"image\/png"}],"twitter_card":"summary_large_image","schema":{"@context":"https:\/\/schema.org","@graph":[{"@type":"WebPage","@id":"https:\/\/test.escapade-hotels.com\/index.php\/product\/la-ville-essaouira-mogador\/","url":"https:\/\/test.escapade-hotels.com\/index.php\/product\/la-ville-essaouira-mogador\/","name":"LA VILLE ESSAOUIRA MOGADOR - test.escapade-hotels.com","isPartOf":{"@id":"https:\/\/test.escapade-hotels.com\/#website"},"primaryImageOfPage":{"@id":"https:\/\/test.escapade-hotels.com\/index.php\/product\/la-ville-essaouira-mogador\/#primaryimage"},"image":{"@id":"https:\/\/test.escapade-hotels.com\/index.php\/product\/la-ville-essaouira-mogador\/#primaryimage"},"thumbnailUrl":"https:\/\/test.escapade-hotels.com\/wp-content\/uploads\/2024\/04\/Untitled-design-7.png","datePublished":"2024-04-09T12:41:05+00:00","dateModified":"2024-04-09T22:21:53+00:00","breadcrumb":{"@id":"https:\/\/test.escapade-hotels.com\/index.php\/product\/la-ville-essaouira-mogador\/#breadcrumb"},"inLanguage":"fr-FR","potentialAction":[{"@type":"ReadAction","target":["https:\/\/test.escapade-hotels.com\/index.php\/product\/la-ville-essaouira-mogador\/"]}]},{"@type":"ImageObject","inLanguage":"fr-FR","@id":"https:\/\/test.escapade-hotels.com\/index.php\/product\/la-ville-essaouira-mogador\/#primaryimage","url":"https:\/\/test.escapade-hotels.com\/wp-content\/uploads\/2024\/04\/Untitled-design-7.png","contentUrl":"https:\/\/test.escapade-hotels.com\/wp-content\/uploads\/2024\/04\/Untitled-design-7.png","width":1920,"height":1080},{"@type":"BreadcrumbList","@id":"https:\/\/test.escapade-hotels.com\/index.php\/product\/la-ville-essaouira-mogador\/#breadcrumb","itemListElement":[{"@type":"ListItem","position":1,"name":"Accueil","item":"https:\/\/test.escapade-hotels.com\/"},{"@type":"ListItem","position":2,"name":"Shop","item":"https:\/\/test.escapade-hotels.com\/index.php\/shop\/"},{"@type":"ListItem","position":3,"name":"LA VILLE ESSAOUIRA MOGADOR"}]},{"@type":"WebSite","@id":"https:\/\/test.escapade-hotels.com\/#website","url":"https:\/\/test.escapade-hotels.com\/","name":"test.escapade-hotels.com","description":"Escapade H\u00f4tels agence de voyage","potentialAction":[{"@type":"SearchAction","target":{"@type":"EntryPoint","urlTemplate":"https:\/\/test.escapade-hotels.com\/?s={search_term_string}"},"query-input":"required name=search_term_string"}],"inLanguage":"fr-FR"}]}},"_links":{"self":[{"href":"https:\/\/test.escapade-hotels.com\/index.php\/wp-json\/wp\/v2\/product\/10570"}],"collection":[{"href":"https:\/\/test.escapade-hotels.com\/index.php\/wp-json\/wp\/v2\/product"}],"about":[{"href":"https:\/\/test.escapade-hotels.com\/index.php\/wp-json\/wp\/v2\/types\/product"}],"replies":[{"embeddable":true,"href":"https:\/\/test.escapade-hotels.com\/index.php\/wp-json\/wp\/v2\/comments?post=10570"}],"version-history":[{"count":1,"href":"https:\/\/test.escapade-hotels.com\/index.php\/wp-json\/wp\/v2\/product\/10570\/revisions"}],"predecessor-version":[{"id":10575,"href":"https:\/\/test.escapade-hotels.com\/index.php\/wp-json\/wp\/v2\/product\/10570\/revisions\/10575"}],"wp:featuredmedia":[{"embeddable":true,"href":"https:\/\/test.escapade-hotels.com\/index.php\/wp-json\/wp\/v2\/media\/10600"}],"wp:attachment":[{"href":"https:\/\/test.escapade-hotels.com\/index.php\/wp-json\/wp\/v2\/media?parent=10570"}],"wp:term":[{"taxonomy":"product_cat","embeddable":true,"href":"https:\/\/test.escapade-hotels.com\/index.php\/wp-json\/wp\/v2\/product_cat?post=10570"},{"taxonomy":"product_tag","embeddable":true,"href":"https:\/\/test.escapade-hotels.com\/index.php\/wp-json\/wp\/v2\/product_tag?post=10570"}],"curies":[{"name":"wp","href":"https:\/\/api.w.org\/{rel}","templated":true}]}}