{"id":10640,"date":"2024-04-10T19:02:16","date_gmt":"2024-04-10T19:02:16","guid":{"rendered":"https:\/\/test.escapade-hotels.com\/?post_type=product&#038;p=10640"},"modified":"2024-04-10T19:02:16","modified_gmt":"2024-04-10T19:02:16","slug":"abou-dabi-visite-dune-journee-complete","status":"publish","type":"product","link":"https:\/\/test.escapade-hotels.com\/index.php\/product\/abou-dabi-visite-dune-journee-complete\/","title":{"rendered":"ABOU DABI VISITE D&#8217;UNE JOURN\u00c9E COMPL\u00c8TE"},"content":{"rendered":"","protected":false},"excerpt":{"rendered":"<p>Abou Dabi au d\u00e9part de Duba\u00ef en une journ\u00e9e<\/p>\n<p>Apprenez \u00e0 conna\u00eetre Abu Dhabi lors d&#8217;une excursion d&#8217;une journ\u00e9e au d\u00e9part de Duba\u00ef qui vous permettra d&#8217;explorer le plus grand \u00e9mirat avec un budget de temps limit\u00e9.<br \/>\nTout le transport est inclus, vous \u00e9vitant ainsi les tracas logistiques, et un guide tire le meilleur parti de votre temps en vous emmenant directement \u00e0 Abu Dhabi, o\u00f9 vous d\u00e9couvrirez des points forts comme le Palais des \u00c9mirats et les Tours Etihad.<\/p>\n<p>&#8211; Visite guid\u00e9e d&#8217;Abu Dhabi depuis Duba\u00ef<br \/>\n&#8211; Obtenez un aper\u00e7u local d&#8217;Abu Dhabi aupr\u00e8s de votre guide<br \/>\n&#8211; D\u00e9couvrez les principaux sites touristiques d&#8217;Abu Dhabi en une seule journ\u00e9e<br \/>\n&#8211; Tout le transport est inclus pour faciliter les transferts<\/p>\n<p>Ce qui est inclus :<br \/>\nPrise en charge et retour \u00e0 l&#8217;h\u00f4tel.<br \/>\nV\u00e9hicule priv\u00e9 climatis\u00e9<br \/>\nRepas inclus<br \/>\nGuide conf\u00e9rencier<br \/>\nCe qui n&#8217;est pas inclus :<br \/>\nD\u00e9penses personnelles<br \/>\nPourboires<\/p>\n<p><iframe src=\"https:\/\/www.google.com\/maps\/embed?pb=!1m18!1m12!1m3!1d465132.97328969673!2d54.22896266950099!3d24.38647391283465!2m3!1f0!2f0!3f0!3m2!1i1024!2i768!4f13.1!3m3!1m2!1s0x3e5e440f723ef2b9%3A0xc7cc2e9341971108!2sAbou%20Dabi%20-%20%C3%89mirats%20arabes%20unis!5e0!3m2!1sfr!2sma!4v1712775516962!5m2!1sfr!2sma\" width=\"600\" height=\"450\" style=\"border:0;\" allowfullscreen=\"\" loading=\"lazy\" referrerpolicy=\"no-referrer-when-downgrade\"><\/iframe><\/p>\n","protected":false},"featured_media":10641,"comment_status":"open","ping_status":"closed","template":"","meta":[],"product_cat":[108],"product_tag":[],"class_list":{"0":"post-10640","1":"product","2":"type-product","3":"status-publish","4":"has-post-thumbnail","6":"product_cat-excursions-dubai","8":"first","9":"instock","10":"shipping-taxable","11":"purchasable","12":"product-type-simple"},"yoast_head":"<!-- This site is optimized with the Yoast SEO plugin v23.3 - https:\/\/yoast.com\/wordpress\/plugins\/seo\/ -->\n<title>ABOU DABI VISITE D&#039;UNE JOURN\u00c9E COMPL\u00c8TE - test.escapade-hotels.com<\/title>\n<meta name=\"robots\" content=\"index, follow, max-snippet:-1, max-image-preview:large, max-video-preview:-1\" \/>\n<link rel=\"canonical\" href=\"https:\/\/test.escapade-hotels.com\/index.php\/product\/abou-dabi-visite-dune-journee-complete\/\" \/>\n<meta property=\"og:locale\" content=\"fr_FR\" \/>\n<meta property=\"og:type\" content=\"article\" \/>\n<meta property=\"og:title\" content=\"ABOU DABI VISITE D&#039;UNE JOURN\u00c9E COMPL\u00c8TE - test.escapade-hotels.com\" \/>\n<meta property=\"og:description\" content=\"Abou Dabi au d\u00e9part de Duba\u00ef en une journ\u00e9e  Apprenez \u00e0 conna\u00eetre Abu Dhabi lors d&#039;une excursion d&#039;une journ\u00e9e au d\u00e9part de Duba\u00ef qui vous permettra d&#039;explorer le plus grand \u00e9mirat avec un budget de temps limit\u00e9. Tout le transport est inclus, vous \u00e9vitant ainsi les tracas logistiques, et un guide tire le meilleur parti de votre temps en vous emmenant directement \u00e0 Abu Dhabi, o\u00f9 vous d\u00e9couvrirez des points forts comme le Palais des \u00c9mirats et les Tours Etihad.  - Visite guid\u00e9e d&#039;Abu Dhabi depuis Duba\u00ef - Obtenez un aper\u00e7u local d&#039;Abu Dhabi aupr\u00e8s de votre guide - D\u00e9couvrez les principaux sites touristiques d&#039;Abu Dhabi en une seule journ\u00e9e - Tout le transport est inclus pour faciliter les transferts  Ce qui est inclus : Prise en charge et retour \u00e0 l&#039;h\u00f4tel. V\u00e9hicule priv\u00e9 climatis\u00e9 Repas inclus Guide conf\u00e9rencier Ce qui n&#039;est pas inclus : D\u00e9penses personnelles Pourboires\" \/>\n<meta property=\"og:url\" content=\"https:\/\/test.escapade-hotels.com\/index.php\/product\/abou-dabi-visite-dune-journee-complete\/\" \/>\n<meta property=\"og:site_name\" content=\"test.escapade-hotels.com\" \/>\n<meta property=\"og:image\" content=\"https:\/\/test.escapade-hotels.com\/wp-content\/uploads\/2024\/04\/3-3-1300x731.png\" \/>\n\t<meta property=\"og:image:width\" content=\"1300\" \/>\n\t<meta property=\"og:image:height\" content=\"731\" \/>\n\t<meta property=\"og:image:type\" content=\"image\/png\" \/>\n<meta name=\"twitter:card\" content=\"summary_large_image\" \/>\n<script type=\"application\/ld+json\" class=\"yoast-schema-graph\">{\"@context\":\"https:\/\/schema.org\",\"@graph\":[{\"@type\":\"WebPage\",\"@id\":\"https:\/\/test.escapade-hotels.com\/index.php\/product\/abou-dabi-visite-dune-journee-complete\/\",\"url\":\"https:\/\/test.escapade-hotels.com\/index.php\/product\/abou-dabi-visite-dune-journee-complete\/\",\"name\":\"ABOU DABI VISITE D'UNE JOURN\u00c9E COMPL\u00c8TE - test.escapade-hotels.com\",\"isPartOf\":{\"@id\":\"https:\/\/test.escapade-hotels.com\/#website\"},\"primaryImageOfPage\":{\"@id\":\"https:\/\/test.escapade-hotels.com\/index.php\/product\/abou-dabi-visite-dune-journee-complete\/#primaryimage\"},\"image\":{\"@id\":\"https:\/\/test.escapade-hotels.com\/index.php\/product\/abou-dabi-visite-dune-journee-complete\/#primaryimage\"},\"thumbnailUrl\":\"https:\/\/test.escapade-hotels.com\/wp-content\/uploads\/2024\/04\/3-3.png\",\"datePublished\":\"2024-04-10T19:02:16+00:00\",\"dateModified\":\"2024-04-10T19:02:16+00:00\",\"breadcrumb\":{\"@id\":\"https:\/\/test.escapade-hotels.com\/index.php\/product\/abou-dabi-visite-dune-journee-complete\/#breadcrumb\"},\"inLanguage\":\"fr-FR\",\"potentialAction\":[{\"@type\":\"ReadAction\",\"target\":[\"https:\/\/test.escapade-hotels.com\/index.php\/product\/abou-dabi-visite-dune-journee-complete\/\"]}]},{\"@type\":\"ImageObject\",\"inLanguage\":\"fr-FR\",\"@id\":\"https:\/\/test.escapade-hotels.com\/index.php\/product\/abou-dabi-visite-dune-journee-complete\/#primaryimage\",\"url\":\"https:\/\/test.escapade-hotels.com\/wp-content\/uploads\/2024\/04\/3-3.png\",\"contentUrl\":\"https:\/\/test.escapade-hotels.com\/wp-content\/uploads\/2024\/04\/3-3.png\",\"width\":1920,\"height\":1080},{\"@type\":\"BreadcrumbList\",\"@id\":\"https:\/\/test.escapade-hotels.com\/index.php\/product\/abou-dabi-visite-dune-journee-complete\/#breadcrumb\",\"itemListElement\":[{\"@type\":\"ListItem\",\"position\":1,\"name\":\"Accueil\",\"item\":\"https:\/\/test.escapade-hotels.com\/\"},{\"@type\":\"ListItem\",\"position\":2,\"name\":\"Shop\",\"item\":\"https:\/\/test.escapade-hotels.com\/index.php\/shop\/\"},{\"@type\":\"ListItem\",\"position\":3,\"name\":\"ABOU DABI VISITE D&#8217;UNE JOURN\u00c9E COMPL\u00c8TE\"}]},{\"@type\":\"WebSite\",\"@id\":\"https:\/\/test.escapade-hotels.com\/#website\",\"url\":\"https:\/\/test.escapade-hotels.com\/\",\"name\":\"test.escapade-hotels.com\",\"description\":\"Escapade H\u00f4tels agence de voyage\",\"potentialAction\":[{\"@type\":\"SearchAction\",\"target\":{\"@type\":\"EntryPoint\",\"urlTemplate\":\"https:\/\/test.escapade-hotels.com\/?s={search_term_string}\"},\"query-input\":\"required name=search_term_string\"}],\"inLanguage\":\"fr-FR\"}]}<\/script>\n<!-- \/ Yoast SEO plugin. -->","yoast_head_json":{"title":"ABOU DABI VISITE D'UNE JOURN\u00c9E COMPL\u00c8TE - test.escapade-hotels.com","robots":{"index":"index","follow":"follow","max-snippet":"max-snippet:-1","max-image-preview":"max-image-preview:large","max-video-preview":"max-video-preview:-1"},"canonical":"https:\/\/test.escapade-hotels.com\/index.php\/product\/abou-dabi-visite-dune-journee-complete\/","og_locale":"fr_FR","og_type":"article","og_title":"ABOU DABI VISITE D'UNE JOURN\u00c9E COMPL\u00c8TE - test.escapade-hotels.com","og_description":"Abou Dabi au d\u00e9part de Duba\u00ef en une journ\u00e9e  Apprenez \u00e0 conna\u00eetre Abu Dhabi lors d'une excursion d'une journ\u00e9e au d\u00e9part de Duba\u00ef qui vous permettra d'explorer le plus grand \u00e9mirat avec un budget de temps limit\u00e9. Tout le transport est inclus, vous \u00e9vitant ainsi les tracas logistiques, et un guide tire le meilleur parti de votre temps en vous emmenant directement \u00e0 Abu Dhabi, o\u00f9 vous d\u00e9couvrirez des points forts comme le Palais des \u00c9mirats et les Tours Etihad.  - Visite guid\u00e9e d'Abu Dhabi depuis Duba\u00ef - Obtenez un aper\u00e7u local d'Abu Dhabi aupr\u00e8s de votre guide - D\u00e9couvrez les principaux sites touristiques d'Abu Dhabi en une seule journ\u00e9e - Tout le transport est inclus pour faciliter les transferts  Ce qui est inclus : Prise en charge et retour \u00e0 l'h\u00f4tel. V\u00e9hicule priv\u00e9 climatis\u00e9 Repas inclus Guide conf\u00e9rencier Ce qui n'est pas inclus : D\u00e9penses personnelles Pourboires","og_url":"https:\/\/test.escapade-hotels.com\/index.php\/product\/abou-dabi-visite-dune-journee-complete\/","og_site_name":"test.escapade-hotels.com","og_image":[{"width":1300,"height":731,"url":"https:\/\/test.escapade-hotels.com\/wp-content\/uploads\/2024\/04\/3-3-1300x731.png","type":"image\/png"}],"twitter_card":"summary_large_image","schema":{"@context":"https:\/\/schema.org","@graph":[{"@type":"WebPage","@id":"https:\/\/test.escapade-hotels.com\/index.php\/product\/abou-dabi-visite-dune-journee-complete\/","url":"https:\/\/test.escapade-hotels.com\/index.php\/product\/abou-dabi-visite-dune-journee-complete\/","name":"ABOU DABI VISITE D'UNE JOURN\u00c9E COMPL\u00c8TE - test.escapade-hotels.com","isPartOf":{"@id":"https:\/\/test.escapade-hotels.com\/#website"},"primaryImageOfPage":{"@id":"https:\/\/test.escapade-hotels.com\/index.php\/product\/abou-dabi-visite-dune-journee-complete\/#primaryimage"},"image":{"@id":"https:\/\/test.escapade-hotels.com\/index.php\/product\/abou-dabi-visite-dune-journee-complete\/#primaryimage"},"thumbnailUrl":"https:\/\/test.escapade-hotels.com\/wp-content\/uploads\/2024\/04\/3-3.png","datePublished":"2024-04-10T19:02:16+00:00","dateModified":"2024-04-10T19:02:16+00:00","breadcrumb":{"@id":"https:\/\/test.escapade-hotels.com\/index.php\/product\/abou-dabi-visite-dune-journee-complete\/#breadcrumb"},"inLanguage":"fr-FR","potentialAction":[{"@type":"ReadAction","target":["https:\/\/test.escapade-hotels.com\/index.php\/product\/abou-dabi-visite-dune-journee-complete\/"]}]},{"@type":"ImageObject","inLanguage":"fr-FR","@id":"https:\/\/test.escapade-hotels.com\/index.php\/product\/abou-dabi-visite-dune-journee-complete\/#primaryimage","url":"https:\/\/test.escapade-hotels.com\/wp-content\/uploads\/2024\/04\/3-3.png","contentUrl":"https:\/\/test.escapade-hotels.com\/wp-content\/uploads\/2024\/04\/3-3.png","width":1920,"height":1080},{"@type":"BreadcrumbList","@id":"https:\/\/test.escapade-hotels.com\/index.php\/product\/abou-dabi-visite-dune-journee-complete\/#breadcrumb","itemListElement":[{"@type":"ListItem","position":1,"name":"Accueil","item":"https:\/\/test.escapade-hotels.com\/"},{"@type":"ListItem","position":2,"name":"Shop","item":"https:\/\/test.escapade-hotels.com\/index.php\/shop\/"},{"@type":"ListItem","position":3,"name":"ABOU DABI VISITE D&#8217;UNE JOURN\u00c9E COMPL\u00c8TE"}]},{"@type":"WebSite","@id":"https:\/\/test.escapade-hotels.com\/#website","url":"https:\/\/test.escapade-hotels.com\/","name":"test.escapade-hotels.com","description":"Escapade H\u00f4tels agence de voyage","potentialAction":[{"@type":"SearchAction","target":{"@type":"EntryPoint","urlTemplate":"https:\/\/test.escapade-hotels.com\/?s={search_term_string}"},"query-input":"required name=search_term_string"}],"inLanguage":"fr-FR"}]}},"_links":{"self":[{"href":"https:\/\/test.escapade-hotels.com\/index.php\/wp-json\/wp\/v2\/product\/10640"}],"collection":[{"href":"https:\/\/test.escapade-hotels.com\/index.php\/wp-json\/wp\/v2\/product"}],"about":[{"href":"https:\/\/test.escapade-hotels.com\/index.php\/wp-json\/wp\/v2\/types\/product"}],"replies":[{"embeddable":true,"href":"https:\/\/test.escapade-hotels.com\/index.php\/wp-json\/wp\/v2\/comments?post=10640"}],"version-history":[{"count":1,"href":"https:\/\/test.escapade-hotels.com\/index.php\/wp-json\/wp\/v2\/product\/10640\/revisions"}],"predecessor-version":[{"id":10646,"href":"https:\/\/test.escapade-hotels.com\/index.php\/wp-json\/wp\/v2\/product\/10640\/revisions\/10646"}],"wp:featuredmedia":[{"embeddable":true,"href":"https:\/\/test.escapade-hotels.com\/index.php\/wp-json\/wp\/v2\/media\/10641"}],"wp:attachment":[{"href":"https:\/\/test.escapade-hotels.com\/index.php\/wp-json\/wp\/v2\/media?parent=10640"}],"wp:term":[{"taxonomy":"product_cat","embeddable":true,"href":"https:\/\/test.escapade-hotels.com\/index.php\/wp-json\/wp\/v2\/product_cat?post=10640"},{"taxonomy":"product_tag","embeddable":true,"href":"https:\/\/test.escapade-hotels.com\/index.php\/wp-json\/wp\/v2\/product_tag?post=10640"}],"curies":[{"name":"wp","href":"https:\/\/api.w.org\/{rel}","templated":true}]}}