{"id":10670,"date":"2024-04-10T19:23:47","date_gmt":"2024-04-10T19:23:47","guid":{"rendered":"https:\/\/test.escapade-hotels.com\/?post_type=product&#038;p=10670"},"modified":"2024-04-25T12:23:28","modified_gmt":"2024-04-25T12:23:28","slug":"burj-khalifa-au-sommet","status":"publish","type":"product","link":"https:\/\/test.escapade-hotels.com\/index.php\/product\/burj-khalifa-au-sommet\/","title":{"rendered":"BURJ KHALIFA : AU SOMMET"},"content":{"rendered":"","protected":false},"excerpt":{"rendered":"<p>Profitez d&#8217;une vue plongeante sur Duba\u00ef depuis les 124e et 125e \u00e9tages du Burj Khalifa.<\/p>\n<p>Les billets d&#8217;entr\u00e9e pr\u00e9-r\u00e9serv\u00e9s comprennent l&#8217;acc\u00e8s \u00e0 une tour d&#8217;observation int\u00e9rieure avec des murs de verre du sol au plafond et une terrasse en plein air. Des t\u00e9lescopes sont fournis pour jeter un coup d&#8217;\u0153il sur l&#8217;oc\u00e9an, le d\u00e9sert et la ligne d&#8217;horizon.<br \/>\nProcurez-vous un cadeau \u00e0 la boutique de souvenirs sur place.<\/p>\n<p>-Billets d&#8217;entr\u00e9e \u00e0 la tour d&#8217;observation des 124e et 125e \u00e9tages de Burj Khalifa<br \/>\n-Profitez d&#8217;une entr\u00e9e chronom\u00e9tr\u00e9e pratique sans avoir \u00e0 faire la queue<br \/>\n-Voir aussi loin que le d\u00e9sert et l&#8217;oc\u00e9an avec des vues vertigineuses<br \/>\n-Choisissez l&#8217;option coucher de soleil pour regarder le soleil se coucher sur les toits de Duba\u00ef<br \/>\n&#8211; Tout le transport est inclus pour faciliter les transferts<\/p>\n<p>Ce qui est inclus :<br \/>\nPrise en charge et retour \u00e0 l&#8217;h\u00f4tel.<br \/>\nV\u00e9hicule priv\u00e9 climatis\u00e9<br \/>\nRepas inclus<br \/>\nGuide conf\u00e9rencier<br \/>\nCe qui n&#8217;est pas inclus :<br \/>\nD\u00e9penses personnelles<br \/>\nPourboires<br \/>\n<iframe style=\"border: 0;\" src=\"https:\/\/www.google.com\/maps\/embed?pb=!1m18!1m12!1m3!1d3610.178654110285!2d55.27180147528137!3d25.197196977710874!2m3!1f0!2f0!3f0!3m2!1i1024!2i768!4f13.1!3m3!1m2!1s0x3e5f43348a67e24b%3A0xff45e502e1ceb7e2!2sBurj%20Khalifa!5e0!3m2!1sfr!2sma!4v1712776756159!5m2!1sfr!2sma\" width=\"600\" height=\"450\" allowfullscreen=\"allowfullscreen\"><\/iframe><\/p>\n","protected":false},"featured_media":10672,"comment_status":"open","ping_status":"closed","template":"","meta":[],"product_cat":[108],"product_tag":[],"class_list":{"0":"post-10670","1":"product","2":"type-product","3":"status-publish","4":"has-post-thumbnail","6":"product_cat-excursions-dubai","8":"first","9":"instock","10":"shipping-taxable","11":"purchasable","12":"product-type-simple"},"yoast_head":"<!-- This site is optimized with the Yoast SEO plugin v23.3 - https:\/\/yoast.com\/wordpress\/plugins\/seo\/ -->\n<title>BURJ KHALIFA : AU SOMMET - test.escapade-hotels.com<\/title>\n<meta name=\"robots\" content=\"index, follow, max-snippet:-1, max-image-preview:large, max-video-preview:-1\" \/>\n<link rel=\"canonical\" href=\"https:\/\/test.escapade-hotels.com\/index.php\/product\/burj-khalifa-au-sommet\/\" \/>\n<meta property=\"og:locale\" content=\"fr_FR\" \/>\n<meta property=\"og:type\" content=\"article\" \/>\n<meta property=\"og:title\" content=\"BURJ KHALIFA : AU SOMMET - test.escapade-hotels.com\" \/>\n<meta property=\"og:description\" content=\"Profitez d&#039;une vue plongeante sur Duba\u00ef depuis les 124e et 125e \u00e9tages du Burj Khalifa.  Les billets d&#039;entr\u00e9e pr\u00e9-r\u00e9serv\u00e9s comprennent l&#039;acc\u00e8s \u00e0 une tour d&#039;observation int\u00e9rieure avec des murs de verre du sol au plafond et une terrasse en plein air. Des t\u00e9lescopes sont fournis pour jeter un coup d&#039;\u0153il sur l&#039;oc\u00e9an, le d\u00e9sert et la ligne d&#039;horizon. Procurez-vous un cadeau \u00e0 la boutique de souvenirs sur place.  -Billets d&#039;entr\u00e9e \u00e0 la tour d&#039;observation des 124e et 125e \u00e9tages de Burj Khalifa -Profitez d&#039;une entr\u00e9e chronom\u00e9tr\u00e9e pratique sans avoir \u00e0 faire la queue -Voir aussi loin que le d\u00e9sert et l&#039;oc\u00e9an avec des vues vertigineuses -Choisissez l&#039;option coucher de soleil pour regarder le soleil se coucher sur les toits de Duba\u00ef - Tout le transport est inclus pour faciliter les transferts  Ce qui est inclus : Prise en charge et retour \u00e0 l&#039;h\u00f4tel. V\u00e9hicule priv\u00e9 climatis\u00e9 Repas inclus Guide conf\u00e9rencier Ce qui n&#039;est pas inclus : D\u00e9penses personnelles Pourboires\" \/>\n<meta property=\"og:url\" content=\"https:\/\/test.escapade-hotels.com\/index.php\/product\/burj-khalifa-au-sommet\/\" \/>\n<meta property=\"og:site_name\" content=\"test.escapade-hotels.com\" \/>\n<meta property=\"article:modified_time\" content=\"2024-04-25T12:23:28+00:00\" \/>\n<meta property=\"og:image\" content=\"https:\/\/test.escapade-hotels.com\/wp-content\/uploads\/2024\/04\/3-4.png\" \/>\n\t<meta property=\"og:image:width\" content=\"1920\" \/>\n\t<meta property=\"og:image:height\" content=\"1080\" \/>\n\t<meta property=\"og:image:type\" content=\"image\/png\" \/>\n<meta name=\"twitter:card\" content=\"summary_large_image\" \/>\n<script type=\"application\/ld+json\" class=\"yoast-schema-graph\">{\"@context\":\"https:\/\/schema.org\",\"@graph\":[{\"@type\":\"WebPage\",\"@id\":\"https:\/\/test.escapade-hotels.com\/index.php\/product\/burj-khalifa-au-sommet\/\",\"url\":\"https:\/\/test.escapade-hotels.com\/index.php\/product\/burj-khalifa-au-sommet\/\",\"name\":\"BURJ KHALIFA : AU SOMMET - test.escapade-hotels.com\",\"isPartOf\":{\"@id\":\"https:\/\/test.escapade-hotels.com\/#website\"},\"primaryImageOfPage\":{\"@id\":\"https:\/\/test.escapade-hotels.com\/index.php\/product\/burj-khalifa-au-sommet\/#primaryimage\"},\"image\":{\"@id\":\"https:\/\/test.escapade-hotels.com\/index.php\/product\/burj-khalifa-au-sommet\/#primaryimage\"},\"thumbnailUrl\":\"https:\/\/test.escapade-hotels.com\/wp-content\/uploads\/2024\/04\/3-4.png\",\"datePublished\":\"2024-04-10T19:23:47+00:00\",\"dateModified\":\"2024-04-25T12:23:28+00:00\",\"breadcrumb\":{\"@id\":\"https:\/\/test.escapade-hotels.com\/index.php\/product\/burj-khalifa-au-sommet\/#breadcrumb\"},\"inLanguage\":\"fr-FR\",\"potentialAction\":[{\"@type\":\"ReadAction\",\"target\":[\"https:\/\/test.escapade-hotels.com\/index.php\/product\/burj-khalifa-au-sommet\/\"]}]},{\"@type\":\"ImageObject\",\"inLanguage\":\"fr-FR\",\"@id\":\"https:\/\/test.escapade-hotels.com\/index.php\/product\/burj-khalifa-au-sommet\/#primaryimage\",\"url\":\"https:\/\/test.escapade-hotels.com\/wp-content\/uploads\/2024\/04\/3-4.png\",\"contentUrl\":\"https:\/\/test.escapade-hotels.com\/wp-content\/uploads\/2024\/04\/3-4.png\",\"width\":1920,\"height\":1080},{\"@type\":\"BreadcrumbList\",\"@id\":\"https:\/\/test.escapade-hotels.com\/index.php\/product\/burj-khalifa-au-sommet\/#breadcrumb\",\"itemListElement\":[{\"@type\":\"ListItem\",\"position\":1,\"name\":\"Accueil\",\"item\":\"https:\/\/test.escapade-hotels.com\/\"},{\"@type\":\"ListItem\",\"position\":2,\"name\":\"Shop\",\"item\":\"https:\/\/test.escapade-hotels.com\/index.php\/shop\/\"},{\"@type\":\"ListItem\",\"position\":3,\"name\":\"BURJ KHALIFA : AU SOMMET\"}]},{\"@type\":\"WebSite\",\"@id\":\"https:\/\/test.escapade-hotels.com\/#website\",\"url\":\"https:\/\/test.escapade-hotels.com\/\",\"name\":\"test.escapade-hotels.com\",\"description\":\"Escapade H\u00f4tels agence de voyage\",\"potentialAction\":[{\"@type\":\"SearchAction\",\"target\":{\"@type\":\"EntryPoint\",\"urlTemplate\":\"https:\/\/test.escapade-hotels.com\/?s={search_term_string}\"},\"query-input\":\"required name=search_term_string\"}],\"inLanguage\":\"fr-FR\"}]}<\/script>\n<!-- \/ Yoast SEO plugin. -->","yoast_head_json":{"title":"BURJ KHALIFA : AU SOMMET - test.escapade-hotels.com","robots":{"index":"index","follow":"follow","max-snippet":"max-snippet:-1","max-image-preview":"max-image-preview:large","max-video-preview":"max-video-preview:-1"},"canonical":"https:\/\/test.escapade-hotels.com\/index.php\/product\/burj-khalifa-au-sommet\/","og_locale":"fr_FR","og_type":"article","og_title":"BURJ KHALIFA : AU SOMMET - test.escapade-hotels.com","og_description":"Profitez d'une vue plongeante sur Duba\u00ef depuis les 124e et 125e \u00e9tages du Burj Khalifa.  Les billets d'entr\u00e9e pr\u00e9-r\u00e9serv\u00e9s comprennent l'acc\u00e8s \u00e0 une tour d'observation int\u00e9rieure avec des murs de verre du sol au plafond et une terrasse en plein air. Des t\u00e9lescopes sont fournis pour jeter un coup d'\u0153il sur l'oc\u00e9an, le d\u00e9sert et la ligne d'horizon. Procurez-vous un cadeau \u00e0 la boutique de souvenirs sur place.  -Billets d'entr\u00e9e \u00e0 la tour d'observation des 124e et 125e \u00e9tages de Burj Khalifa -Profitez d'une entr\u00e9e chronom\u00e9tr\u00e9e pratique sans avoir \u00e0 faire la queue -Voir aussi loin que le d\u00e9sert et l'oc\u00e9an avec des vues vertigineuses -Choisissez l'option coucher de soleil pour regarder le soleil se coucher sur les toits de Duba\u00ef - Tout le transport est inclus pour faciliter les transferts  Ce qui est inclus : Prise en charge et retour \u00e0 l'h\u00f4tel. V\u00e9hicule priv\u00e9 climatis\u00e9 Repas inclus Guide conf\u00e9rencier Ce qui n'est pas inclus : D\u00e9penses personnelles Pourboires","og_url":"https:\/\/test.escapade-hotels.com\/index.php\/product\/burj-khalifa-au-sommet\/","og_site_name":"test.escapade-hotels.com","article_modified_time":"2024-04-25T12:23:28+00:00","og_image":[{"width":1920,"height":1080,"url":"https:\/\/test.escapade-hotels.com\/wp-content\/uploads\/2024\/04\/3-4.png","type":"image\/png"}],"twitter_card":"summary_large_image","schema":{"@context":"https:\/\/schema.org","@graph":[{"@type":"WebPage","@id":"https:\/\/test.escapade-hotels.com\/index.php\/product\/burj-khalifa-au-sommet\/","url":"https:\/\/test.escapade-hotels.com\/index.php\/product\/burj-khalifa-au-sommet\/","name":"BURJ KHALIFA : AU SOMMET - test.escapade-hotels.com","isPartOf":{"@id":"https:\/\/test.escapade-hotels.com\/#website"},"primaryImageOfPage":{"@id":"https:\/\/test.escapade-hotels.com\/index.php\/product\/burj-khalifa-au-sommet\/#primaryimage"},"image":{"@id":"https:\/\/test.escapade-hotels.com\/index.php\/product\/burj-khalifa-au-sommet\/#primaryimage"},"thumbnailUrl":"https:\/\/test.escapade-hotels.com\/wp-content\/uploads\/2024\/04\/3-4.png","datePublished":"2024-04-10T19:23:47+00:00","dateModified":"2024-04-25T12:23:28+00:00","breadcrumb":{"@id":"https:\/\/test.escapade-hotels.com\/index.php\/product\/burj-khalifa-au-sommet\/#breadcrumb"},"inLanguage":"fr-FR","potentialAction":[{"@type":"ReadAction","target":["https:\/\/test.escapade-hotels.com\/index.php\/product\/burj-khalifa-au-sommet\/"]}]},{"@type":"ImageObject","inLanguage":"fr-FR","@id":"https:\/\/test.escapade-hotels.com\/index.php\/product\/burj-khalifa-au-sommet\/#primaryimage","url":"https:\/\/test.escapade-hotels.com\/wp-content\/uploads\/2024\/04\/3-4.png","contentUrl":"https:\/\/test.escapade-hotels.com\/wp-content\/uploads\/2024\/04\/3-4.png","width":1920,"height":1080},{"@type":"BreadcrumbList","@id":"https:\/\/test.escapade-hotels.com\/index.php\/product\/burj-khalifa-au-sommet\/#breadcrumb","itemListElement":[{"@type":"ListItem","position":1,"name":"Accueil","item":"https:\/\/test.escapade-hotels.com\/"},{"@type":"ListItem","position":2,"name":"Shop","item":"https:\/\/test.escapade-hotels.com\/index.php\/shop\/"},{"@type":"ListItem","position":3,"name":"BURJ KHALIFA : AU SOMMET"}]},{"@type":"WebSite","@id":"https:\/\/test.escapade-hotels.com\/#website","url":"https:\/\/test.escapade-hotels.com\/","name":"test.escapade-hotels.com","description":"Escapade H\u00f4tels agence de voyage","potentialAction":[{"@type":"SearchAction","target":{"@type":"EntryPoint","urlTemplate":"https:\/\/test.escapade-hotels.com\/?s={search_term_string}"},"query-input":"required name=search_term_string"}],"inLanguage":"fr-FR"}]}},"_links":{"self":[{"href":"https:\/\/test.escapade-hotels.com\/index.php\/wp-json\/wp\/v2\/product\/10670"}],"collection":[{"href":"https:\/\/test.escapade-hotels.com\/index.php\/wp-json\/wp\/v2\/product"}],"about":[{"href":"https:\/\/test.escapade-hotels.com\/index.php\/wp-json\/wp\/v2\/types\/product"}],"replies":[{"embeddable":true,"href":"https:\/\/test.escapade-hotels.com\/index.php\/wp-json\/wp\/v2\/comments?post=10670"}],"version-history":[{"count":2,"href":"https:\/\/test.escapade-hotels.com\/index.php\/wp-json\/wp\/v2\/product\/10670\/revisions"}],"predecessor-version":[{"id":11798,"href":"https:\/\/test.escapade-hotels.com\/index.php\/wp-json\/wp\/v2\/product\/10670\/revisions\/11798"}],"wp:featuredmedia":[{"embeddable":true,"href":"https:\/\/test.escapade-hotels.com\/index.php\/wp-json\/wp\/v2\/media\/10672"}],"wp:attachment":[{"href":"https:\/\/test.escapade-hotels.com\/index.php\/wp-json\/wp\/v2\/media?parent=10670"}],"wp:term":[{"taxonomy":"product_cat","embeddable":true,"href":"https:\/\/test.escapade-hotels.com\/index.php\/wp-json\/wp\/v2\/product_cat?post=10670"},{"taxonomy":"product_tag","embeddable":true,"href":"https:\/\/test.escapade-hotels.com\/index.php\/wp-json\/wp\/v2\/product_tag?post=10670"}],"curies":[{"name":"wp","href":"https:\/\/api.w.org\/{rel}","templated":true}]}}