{"id":10677,"date":"2024-04-10T19:28:18","date_gmt":"2024-04-10T19:28:18","guid":{"rendered":"https:\/\/test.escapade-hotels.com\/?post_type=product&#038;p=10677"},"modified":"2024-04-10T19:28:18","modified_gmt":"2024-04-10T19:28:18","slug":"safari-dans-le-desert-de-dubai","status":"publish","type":"product","link":"https:\/\/test.escapade-hotels.com\/index.php\/product\/safari-dans-le-desert-de-dubai\/","title":{"rendered":"SAFARI DANS LE D\u00c9SERT DE DUBA\u00cf"},"content":{"rendered":"","protected":false},"excerpt":{"rendered":"<p>Safari matinal \u00e0 Duba\u00ef : dunes rouges, sandboarding, promenade \u00e0 dos de chameau.<\/p>\n<p>Profitez de votre matin\u00e9e lors d&#8217;une excursion \u00e0 la demi-journ\u00e9e pour d\u00e9couvrir le d\u00e9sert arabe avec un transport aller-retour \u00e0 votre convenance au d\u00e9part de votre h\u00f4tel de Duba\u00ef.<br \/>\nEn plus de la navigation, votre guide vous offre une gamme d&#8217;activit\u00e9s pour tous les \u00e2ges, comprenant une travers\u00e9e des dunes, surf des sables, et balade \u00e0 dos de chameaux.<\/p>\n<p>La visite comprend des rafra\u00eechissements.<br \/>\n&#8211; Vivez l&#8217;exp\u00e9rience du d\u00e9sert d&#8217;Arabie avec confort et commodit\u00e9<br \/>\n&#8211; Des occasions de prendre des photos dans le d\u00e9sert dunes rouges dans la lumi\u00e8re du matin<br \/>\n&#8211; Transport aller-retour tr\u00e8s pratique depuis et vers votre h\u00f4tel de Duba\u00ef<\/p>\n<p>Ce qui est inclus :<br \/>\nPrise en charge et retour \u00e0 l&#8217;h\u00f4tel.<br \/>\nV\u00e9hicule priv\u00e9 climatis\u00e9<br \/>\nRepas inclus<br \/>\nGuide conf\u00e9rencier<br \/>\nCe qui n&#8217;est pas inclus :<br \/>\nD\u00e9penses personnelles<br \/>\nPourboires<br \/>\n<iframe src=\"https:\/\/www.google.com\/maps\/embed?pb=!1m18!1m12!1m3!1d3619.6325214372323!2d55.5747092752707!3d24.876397477918864!2m3!1f0!2f0!3f0!3m2!1i1024!2i768!4f13.1!3m3!1m2!1s0x3ef579a700000001%3A0x947dbabff2916914!2sDubai%20Desert%20Conservation%20Reserve!5e0!3m2!1sfr!2sma!4v1712777057991!5m2!1sfr!2sma\" width=\"600\" height=\"450\" style=\"border:0;\" allowfullscreen=\"\" loading=\"lazy\" referrerpolicy=\"no-referrer-when-downgrade\"><\/iframe><\/p>\n","protected":false},"featured_media":10678,"comment_status":"open","ping_status":"closed","template":"","meta":[],"product_cat":[108],"product_tag":[],"class_list":{"0":"post-10677","1":"product","2":"type-product","3":"status-publish","4":"has-post-thumbnail","6":"product_cat-excursions-dubai","8":"first","9":"instock","10":"shipping-taxable","11":"purchasable","12":"product-type-simple"},"yoast_head":"<!-- This site is optimized with the Yoast SEO plugin v23.3 - https:\/\/yoast.com\/wordpress\/plugins\/seo\/ -->\n<title>SAFARI DANS LE D\u00c9SERT DE DUBA\u00cf - test.escapade-hotels.com<\/title>\n<meta name=\"robots\" content=\"index, follow, max-snippet:-1, max-image-preview:large, max-video-preview:-1\" \/>\n<link rel=\"canonical\" href=\"https:\/\/test.escapade-hotels.com\/index.php\/product\/safari-dans-le-desert-de-dubai\/\" \/>\n<meta property=\"og:locale\" content=\"fr_FR\" \/>\n<meta property=\"og:type\" content=\"article\" \/>\n<meta property=\"og:title\" content=\"SAFARI DANS LE D\u00c9SERT DE DUBA\u00cf - test.escapade-hotels.com\" \/>\n<meta property=\"og:description\" content=\"Safari matinal \u00e0 Duba\u00ef : dunes rouges, sandboarding, promenade \u00e0 dos de chameau.  Profitez de votre matin\u00e9e lors d&#039;une excursion \u00e0 la demi-journ\u00e9e pour d\u00e9couvrir le d\u00e9sert arabe avec un transport aller-retour \u00e0 votre convenance au d\u00e9part de votre h\u00f4tel de Duba\u00ef. En plus de la navigation, votre guide vous offre une gamme d&#039;activit\u00e9s pour tous les \u00e2ges, comprenant une travers\u00e9e des dunes, surf des sables, et balade \u00e0 dos de chameaux.  La visite comprend des rafra\u00eechissements. - Vivez l&#039;exp\u00e9rience du d\u00e9sert d&#039;Arabie avec confort et commodit\u00e9 - Des occasions de prendre des photos dans le d\u00e9sert dunes rouges dans la lumi\u00e8re du matin - Transport aller-retour tr\u00e8s pratique depuis et vers votre h\u00f4tel de Duba\u00ef  Ce qui est inclus : Prise en charge et retour \u00e0 l&#039;h\u00f4tel. V\u00e9hicule priv\u00e9 climatis\u00e9 Repas inclus Guide conf\u00e9rencier Ce qui n&#039;est pas inclus : D\u00e9penses personnelles Pourboires\" \/>\n<meta property=\"og:url\" content=\"https:\/\/test.escapade-hotels.com\/index.php\/product\/safari-dans-le-desert-de-dubai\/\" \/>\n<meta property=\"og:site_name\" content=\"test.escapade-hotels.com\" \/>\n<meta property=\"og:image\" content=\"https:\/\/test.escapade-hotels.com\/wp-content\/uploads\/2024\/04\/2-5.png\" \/>\n\t<meta property=\"og:image:width\" content=\"1920\" \/>\n\t<meta property=\"og:image:height\" content=\"1080\" \/>\n\t<meta property=\"og:image:type\" content=\"image\/png\" \/>\n<meta name=\"twitter:card\" content=\"summary_large_image\" \/>\n<script type=\"application\/ld+json\" class=\"yoast-schema-graph\">{\"@context\":\"https:\/\/schema.org\",\"@graph\":[{\"@type\":\"WebPage\",\"@id\":\"https:\/\/test.escapade-hotels.com\/index.php\/product\/safari-dans-le-desert-de-dubai\/\",\"url\":\"https:\/\/test.escapade-hotels.com\/index.php\/product\/safari-dans-le-desert-de-dubai\/\",\"name\":\"SAFARI DANS LE D\u00c9SERT DE DUBA\u00cf - test.escapade-hotels.com\",\"isPartOf\":{\"@id\":\"https:\/\/test.escapade-hotels.com\/#website\"},\"primaryImageOfPage\":{\"@id\":\"https:\/\/test.escapade-hotels.com\/index.php\/product\/safari-dans-le-desert-de-dubai\/#primaryimage\"},\"image\":{\"@id\":\"https:\/\/test.escapade-hotels.com\/index.php\/product\/safari-dans-le-desert-de-dubai\/#primaryimage\"},\"thumbnailUrl\":\"https:\/\/test.escapade-hotels.com\/wp-content\/uploads\/2024\/04\/2-5.png\",\"datePublished\":\"2024-04-10T19:28:18+00:00\",\"dateModified\":\"2024-04-10T19:28:18+00:00\",\"breadcrumb\":{\"@id\":\"https:\/\/test.escapade-hotels.com\/index.php\/product\/safari-dans-le-desert-de-dubai\/#breadcrumb\"},\"inLanguage\":\"fr-FR\",\"potentialAction\":[{\"@type\":\"ReadAction\",\"target\":[\"https:\/\/test.escapade-hotels.com\/index.php\/product\/safari-dans-le-desert-de-dubai\/\"]}]},{\"@type\":\"ImageObject\",\"inLanguage\":\"fr-FR\",\"@id\":\"https:\/\/test.escapade-hotels.com\/index.php\/product\/safari-dans-le-desert-de-dubai\/#primaryimage\",\"url\":\"https:\/\/test.escapade-hotels.com\/wp-content\/uploads\/2024\/04\/2-5.png\",\"contentUrl\":\"https:\/\/test.escapade-hotels.com\/wp-content\/uploads\/2024\/04\/2-5.png\",\"width\":1920,\"height\":1080},{\"@type\":\"BreadcrumbList\",\"@id\":\"https:\/\/test.escapade-hotels.com\/index.php\/product\/safari-dans-le-desert-de-dubai\/#breadcrumb\",\"itemListElement\":[{\"@type\":\"ListItem\",\"position\":1,\"name\":\"Accueil\",\"item\":\"https:\/\/test.escapade-hotels.com\/\"},{\"@type\":\"ListItem\",\"position\":2,\"name\":\"Shop\",\"item\":\"https:\/\/test.escapade-hotels.com\/index.php\/shop\/\"},{\"@type\":\"ListItem\",\"position\":3,\"name\":\"SAFARI DANS LE D\u00c9SERT DE DUBA\u00cf\"}]},{\"@type\":\"WebSite\",\"@id\":\"https:\/\/test.escapade-hotels.com\/#website\",\"url\":\"https:\/\/test.escapade-hotels.com\/\",\"name\":\"test.escapade-hotels.com\",\"description\":\"Escapade H\u00f4tels agence de voyage\",\"potentialAction\":[{\"@type\":\"SearchAction\",\"target\":{\"@type\":\"EntryPoint\",\"urlTemplate\":\"https:\/\/test.escapade-hotels.com\/?s={search_term_string}\"},\"query-input\":\"required name=search_term_string\"}],\"inLanguage\":\"fr-FR\"}]}<\/script>\n<!-- \/ Yoast SEO plugin. -->","yoast_head_json":{"title":"SAFARI DANS LE D\u00c9SERT DE DUBA\u00cf - test.escapade-hotels.com","robots":{"index":"index","follow":"follow","max-snippet":"max-snippet:-1","max-image-preview":"max-image-preview:large","max-video-preview":"max-video-preview:-1"},"canonical":"https:\/\/test.escapade-hotels.com\/index.php\/product\/safari-dans-le-desert-de-dubai\/","og_locale":"fr_FR","og_type":"article","og_title":"SAFARI DANS LE D\u00c9SERT DE DUBA\u00cf - test.escapade-hotels.com","og_description":"Safari matinal \u00e0 Duba\u00ef : dunes rouges, sandboarding, promenade \u00e0 dos de chameau.  Profitez de votre matin\u00e9e lors d'une excursion \u00e0 la demi-journ\u00e9e pour d\u00e9couvrir le d\u00e9sert arabe avec un transport aller-retour \u00e0 votre convenance au d\u00e9part de votre h\u00f4tel de Duba\u00ef. En plus de la navigation, votre guide vous offre une gamme d'activit\u00e9s pour tous les \u00e2ges, comprenant une travers\u00e9e des dunes, surf des sables, et balade \u00e0 dos de chameaux.  La visite comprend des rafra\u00eechissements. - Vivez l'exp\u00e9rience du d\u00e9sert d'Arabie avec confort et commodit\u00e9 - Des occasions de prendre des photos dans le d\u00e9sert dunes rouges dans la lumi\u00e8re du matin - Transport aller-retour tr\u00e8s pratique depuis et vers votre h\u00f4tel de Duba\u00ef  Ce qui est inclus : Prise en charge et retour \u00e0 l'h\u00f4tel. V\u00e9hicule priv\u00e9 climatis\u00e9 Repas inclus Guide conf\u00e9rencier Ce qui n'est pas inclus : D\u00e9penses personnelles Pourboires","og_url":"https:\/\/test.escapade-hotels.com\/index.php\/product\/safari-dans-le-desert-de-dubai\/","og_site_name":"test.escapade-hotels.com","og_image":[{"width":1920,"height":1080,"url":"https:\/\/test.escapade-hotels.com\/wp-content\/uploads\/2024\/04\/2-5.png","type":"image\/png"}],"twitter_card":"summary_large_image","schema":{"@context":"https:\/\/schema.org","@graph":[{"@type":"WebPage","@id":"https:\/\/test.escapade-hotels.com\/index.php\/product\/safari-dans-le-desert-de-dubai\/","url":"https:\/\/test.escapade-hotels.com\/index.php\/product\/safari-dans-le-desert-de-dubai\/","name":"SAFARI DANS LE D\u00c9SERT DE DUBA\u00cf - test.escapade-hotels.com","isPartOf":{"@id":"https:\/\/test.escapade-hotels.com\/#website"},"primaryImageOfPage":{"@id":"https:\/\/test.escapade-hotels.com\/index.php\/product\/safari-dans-le-desert-de-dubai\/#primaryimage"},"image":{"@id":"https:\/\/test.escapade-hotels.com\/index.php\/product\/safari-dans-le-desert-de-dubai\/#primaryimage"},"thumbnailUrl":"https:\/\/test.escapade-hotels.com\/wp-content\/uploads\/2024\/04\/2-5.png","datePublished":"2024-04-10T19:28:18+00:00","dateModified":"2024-04-10T19:28:18+00:00","breadcrumb":{"@id":"https:\/\/test.escapade-hotels.com\/index.php\/product\/safari-dans-le-desert-de-dubai\/#breadcrumb"},"inLanguage":"fr-FR","potentialAction":[{"@type":"ReadAction","target":["https:\/\/test.escapade-hotels.com\/index.php\/product\/safari-dans-le-desert-de-dubai\/"]}]},{"@type":"ImageObject","inLanguage":"fr-FR","@id":"https:\/\/test.escapade-hotels.com\/index.php\/product\/safari-dans-le-desert-de-dubai\/#primaryimage","url":"https:\/\/test.escapade-hotels.com\/wp-content\/uploads\/2024\/04\/2-5.png","contentUrl":"https:\/\/test.escapade-hotels.com\/wp-content\/uploads\/2024\/04\/2-5.png","width":1920,"height":1080},{"@type":"BreadcrumbList","@id":"https:\/\/test.escapade-hotels.com\/index.php\/product\/safari-dans-le-desert-de-dubai\/#breadcrumb","itemListElement":[{"@type":"ListItem","position":1,"name":"Accueil","item":"https:\/\/test.escapade-hotels.com\/"},{"@type":"ListItem","position":2,"name":"Shop","item":"https:\/\/test.escapade-hotels.com\/index.php\/shop\/"},{"@type":"ListItem","position":3,"name":"SAFARI DANS LE D\u00c9SERT DE DUBA\u00cf"}]},{"@type":"WebSite","@id":"https:\/\/test.escapade-hotels.com\/#website","url":"https:\/\/test.escapade-hotels.com\/","name":"test.escapade-hotels.com","description":"Escapade H\u00f4tels agence de voyage","potentialAction":[{"@type":"SearchAction","target":{"@type":"EntryPoint","urlTemplate":"https:\/\/test.escapade-hotels.com\/?s={search_term_string}"},"query-input":"required name=search_term_string"}],"inLanguage":"fr-FR"}]}},"_links":{"self":[{"href":"https:\/\/test.escapade-hotels.com\/index.php\/wp-json\/wp\/v2\/product\/10677"}],"collection":[{"href":"https:\/\/test.escapade-hotels.com\/index.php\/wp-json\/wp\/v2\/product"}],"about":[{"href":"https:\/\/test.escapade-hotels.com\/index.php\/wp-json\/wp\/v2\/types\/product"}],"replies":[{"embeddable":true,"href":"https:\/\/test.escapade-hotels.com\/index.php\/wp-json\/wp\/v2\/comments?post=10677"}],"version-history":[{"count":1,"href":"https:\/\/test.escapade-hotels.com\/index.php\/wp-json\/wp\/v2\/product\/10677\/revisions"}],"predecessor-version":[{"id":10682,"href":"https:\/\/test.escapade-hotels.com\/index.php\/wp-json\/wp\/v2\/product\/10677\/revisions\/10682"}],"wp:featuredmedia":[{"embeddable":true,"href":"https:\/\/test.escapade-hotels.com\/index.php\/wp-json\/wp\/v2\/media\/10678"}],"wp:attachment":[{"href":"https:\/\/test.escapade-hotels.com\/index.php\/wp-json\/wp\/v2\/media?parent=10677"}],"wp:term":[{"taxonomy":"product_cat","embeddable":true,"href":"https:\/\/test.escapade-hotels.com\/index.php\/wp-json\/wp\/v2\/product_cat?post=10677"},{"taxonomy":"product_tag","embeddable":true,"href":"https:\/\/test.escapade-hotels.com\/index.php\/wp-json\/wp\/v2\/product_tag?post=10677"}],"curies":[{"name":"wp","href":"https:\/\/api.w.org\/{rel}","templated":true}]}}