{"id":10683,"date":"2024-04-10T19:34:06","date_gmt":"2024-04-10T19:34:06","guid":{"rendered":"https:\/\/test.escapade-hotels.com\/?post_type=product&#038;p=10683"},"modified":"2024-07-30T21:14:54","modified_gmt":"2024-07-30T21:14:54","slug":"visite-de-dubai-aladdin","status":"publish","type":"product","link":"https:\/\/test.escapade-hotels.com\/index.php\/product\/visite-de-dubai-aladdin\/","title":{"rendered":"VISITE DE DUBA\u00cf ALADDIN"},"content":{"rendered":"","protected":false},"excerpt":{"rendered":"<p>Souks, crique, vieux Duba\u00ef et d\u00e9gustations<\/p>\n<p>Plongez plus profond\u00e9ment dans les sites et la culture du Duba\u00ef traditionnel\u00a0 lors de cette visite.<br \/>\nPlut\u00f4t que de passer des heures \u00e0 chercher ce qu&#8217;il faut voir, faire et manger dans le vieux Duba\u00ef, fiez-vous \u00e0 un guide pour gagner du temps et vous assurer de ne rien manquer.<br \/>\nFaites du shopping dans les souks avec les conseils de votre guide, traversez la crique en bateau-taxi \u00ababra\u00bb, visitez le mus\u00e9e de Duba\u00ef, parcourez le quartier d&#8217;Al Fahidi et d\u00e9gustez de la nourriture de rue, du caf\u00e9 arabe et d&#8217;autres d\u00e9gustations.<\/p>\n<p>-Parcourez le vieux Duba\u00ef avec un guide pour d\u00e9couvrir la beaut\u00e9 de ces ruelles sans vous perdre.<br \/>\n-Explorez les vieux quartiers de la ville sans devoirs ou sans vous perdre.<br \/>\n-Et tu reprend au visiter le mus\u00e9e de Duba\u00ef , marchandez dans les souks, savourez des plats locaux et faites un \u00ab abra \u00bb<br \/>\n&#8211; Obtenez un aper\u00e7u de la culture et de l&#8217;histoire locales que vous pourriez manquer autrement<\/p>\n<p>Ce qui est inclus :<br \/>\nPrise en charge et retour \u00e0 l&#8217;h\u00f4tel.<br \/>\nV\u00e9hicule priv\u00e9 climatis\u00e9<br \/>\nRepas inclus<br \/>\nGuide conf\u00e9rencier<br \/>\nCe qui n&#8217;est pas inclus :<br \/>\nD\u00e9penses personnelles<br \/>\nPourboires<\/p>\n","protected":false},"featured_media":10685,"comment_status":"open","ping_status":"closed","template":"","meta":[],"product_cat":[108],"product_tag":[],"class_list":{"0":"post-10683","1":"product","2":"type-product","3":"status-publish","4":"has-post-thumbnail","6":"product_cat-excursions-dubai","8":"first","9":"instock","10":"shipping-taxable","11":"purchasable","12":"product-type-simple"},"yoast_head":"<!-- This site is optimized with the Yoast SEO plugin v23.3 - https:\/\/yoast.com\/wordpress\/plugins\/seo\/ -->\n<title>VISITE DE DUBA\u00cf ALADDIN - test.escapade-hotels.com<\/title>\n<meta name=\"robots\" content=\"index, follow, max-snippet:-1, max-image-preview:large, max-video-preview:-1\" \/>\n<link rel=\"canonical\" href=\"https:\/\/test.escapade-hotels.com\/index.php\/product\/visite-de-dubai-aladdin\/\" \/>\n<meta property=\"og:locale\" content=\"fr_FR\" \/>\n<meta property=\"og:type\" content=\"article\" \/>\n<meta property=\"og:title\" content=\"VISITE DE DUBA\u00cf ALADDIN - test.escapade-hotels.com\" \/>\n<meta property=\"og:description\" content=\"Souks, crique, vieux Duba\u00ef et d\u00e9gustations  Plongez plus profond\u00e9ment dans les sites et la culture du Duba\u00ef traditionnel\u00a0 lors de cette visite. Plut\u00f4t que de passer des heures \u00e0 chercher ce qu&#039;il faut voir, faire et manger dans le vieux Duba\u00ef, fiez-vous \u00e0 un guide pour gagner du temps et vous assurer de ne rien manquer. Faites du shopping dans les souks avec les conseils de votre guide, traversez la crique en bateau-taxi \u00ababra\u00bb, visitez le mus\u00e9e de Duba\u00ef, parcourez le quartier d&#039;Al Fahidi et d\u00e9gustez de la nourriture de rue, du caf\u00e9 arabe et d&#039;autres d\u00e9gustations.  -Parcourez le vieux Duba\u00ef avec un guide pour d\u00e9couvrir la beaut\u00e9 de ces ruelles sans vous perdre. -Explorez les vieux quartiers de la ville sans devoirs ou sans vous perdre. -Et tu reprend au visiter le mus\u00e9e de Duba\u00ef , marchandez dans les souks, savourez des plats locaux et faites un \u00ab abra \u00bb - Obtenez un aper\u00e7u de la culture et de l&#039;histoire locales que vous pourriez manquer autrement  Ce qui est inclus : Prise en charge et retour \u00e0 l&#039;h\u00f4tel. V\u00e9hicule priv\u00e9 climatis\u00e9 Repas inclus Guide conf\u00e9rencier Ce qui n&#039;est pas inclus : D\u00e9penses personnelles Pourboires\" \/>\n<meta property=\"og:url\" content=\"https:\/\/test.escapade-hotels.com\/index.php\/product\/visite-de-dubai-aladdin\/\" \/>\n<meta property=\"og:site_name\" content=\"test.escapade-hotels.com\" \/>\n<meta property=\"article:modified_time\" content=\"2024-07-30T21:14:54+00:00\" \/>\n<meta property=\"og:image\" content=\"https:\/\/test.escapade-hotels.com\/wp-content\/uploads\/2024\/04\/3-6-1300x731.png\" \/>\n\t<meta property=\"og:image:width\" content=\"1300\" \/>\n\t<meta property=\"og:image:height\" content=\"731\" \/>\n\t<meta property=\"og:image:type\" content=\"image\/png\" \/>\n<meta name=\"twitter:card\" content=\"summary_large_image\" \/>\n<meta name=\"twitter:label1\" content=\"Dur\u00e9e de lecture estim\u00e9e\" \/>\n\t<meta name=\"twitter:data1\" content=\"1 minute\" \/>\n<script type=\"application\/ld+json\" class=\"yoast-schema-graph\">{\"@context\":\"https:\/\/schema.org\",\"@graph\":[{\"@type\":\"WebPage\",\"@id\":\"https:\/\/test.escapade-hotels.com\/index.php\/product\/visite-de-dubai-aladdin\/\",\"url\":\"https:\/\/test.escapade-hotels.com\/index.php\/product\/visite-de-dubai-aladdin\/\",\"name\":\"VISITE DE DUBA\u00cf ALADDIN - test.escapade-hotels.com\",\"isPartOf\":{\"@id\":\"https:\/\/test.escapade-hotels.com\/#website\"},\"primaryImageOfPage\":{\"@id\":\"https:\/\/test.escapade-hotels.com\/index.php\/product\/visite-de-dubai-aladdin\/#primaryimage\"},\"image\":{\"@id\":\"https:\/\/test.escapade-hotels.com\/index.php\/product\/visite-de-dubai-aladdin\/#primaryimage\"},\"thumbnailUrl\":\"https:\/\/test.escapade-hotels.com\/wp-content\/uploads\/2024\/04\/3-6.png\",\"datePublished\":\"2024-04-10T19:34:06+00:00\",\"dateModified\":\"2024-07-30T21:14:54+00:00\",\"breadcrumb\":{\"@id\":\"https:\/\/test.escapade-hotels.com\/index.php\/product\/visite-de-dubai-aladdin\/#breadcrumb\"},\"inLanguage\":\"fr-FR\",\"potentialAction\":[{\"@type\":\"ReadAction\",\"target\":[\"https:\/\/test.escapade-hotels.com\/index.php\/product\/visite-de-dubai-aladdin\/\"]}]},{\"@type\":\"ImageObject\",\"inLanguage\":\"fr-FR\",\"@id\":\"https:\/\/test.escapade-hotels.com\/index.php\/product\/visite-de-dubai-aladdin\/#primaryimage\",\"url\":\"https:\/\/test.escapade-hotels.com\/wp-content\/uploads\/2024\/04\/3-6.png\",\"contentUrl\":\"https:\/\/test.escapade-hotels.com\/wp-content\/uploads\/2024\/04\/3-6.png\",\"width\":1920,\"height\":1080},{\"@type\":\"BreadcrumbList\",\"@id\":\"https:\/\/test.escapade-hotels.com\/index.php\/product\/visite-de-dubai-aladdin\/#breadcrumb\",\"itemListElement\":[{\"@type\":\"ListItem\",\"position\":1,\"name\":\"Accueil\",\"item\":\"https:\/\/test.escapade-hotels.com\/\"},{\"@type\":\"ListItem\",\"position\":2,\"name\":\"Shop\",\"item\":\"https:\/\/test.escapade-hotels.com\/index.php\/shop\/\"},{\"@type\":\"ListItem\",\"position\":3,\"name\":\"VISITE DE DUBA\u00cf ALADDIN\"}]},{\"@type\":\"WebSite\",\"@id\":\"https:\/\/test.escapade-hotels.com\/#website\",\"url\":\"https:\/\/test.escapade-hotels.com\/\",\"name\":\"test.escapade-hotels.com\",\"description\":\"Escapade H\u00f4tels agence de voyage\",\"potentialAction\":[{\"@type\":\"SearchAction\",\"target\":{\"@type\":\"EntryPoint\",\"urlTemplate\":\"https:\/\/test.escapade-hotels.com\/?s={search_term_string}\"},\"query-input\":\"required name=search_term_string\"}],\"inLanguage\":\"fr-FR\"}]}<\/script>\n<!-- \/ Yoast SEO plugin. -->","yoast_head_json":{"title":"VISITE DE DUBA\u00cf ALADDIN - test.escapade-hotels.com","robots":{"index":"index","follow":"follow","max-snippet":"max-snippet:-1","max-image-preview":"max-image-preview:large","max-video-preview":"max-video-preview:-1"},"canonical":"https:\/\/test.escapade-hotels.com\/index.php\/product\/visite-de-dubai-aladdin\/","og_locale":"fr_FR","og_type":"article","og_title":"VISITE DE DUBA\u00cf ALADDIN - test.escapade-hotels.com","og_description":"Souks, crique, vieux Duba\u00ef et d\u00e9gustations  Plongez plus profond\u00e9ment dans les sites et la culture du Duba\u00ef traditionnel\u00a0 lors de cette visite. Plut\u00f4t que de passer des heures \u00e0 chercher ce qu'il faut voir, faire et manger dans le vieux Duba\u00ef, fiez-vous \u00e0 un guide pour gagner du temps et vous assurer de ne rien manquer. Faites du shopping dans les souks avec les conseils de votre guide, traversez la crique en bateau-taxi \u00ababra\u00bb, visitez le mus\u00e9e de Duba\u00ef, parcourez le quartier d'Al Fahidi et d\u00e9gustez de la nourriture de rue, du caf\u00e9 arabe et d'autres d\u00e9gustations.  -Parcourez le vieux Duba\u00ef avec un guide pour d\u00e9couvrir la beaut\u00e9 de ces ruelles sans vous perdre. -Explorez les vieux quartiers de la ville sans devoirs ou sans vous perdre. -Et tu reprend au visiter le mus\u00e9e de Duba\u00ef , marchandez dans les souks, savourez des plats locaux et faites un \u00ab abra \u00bb - Obtenez un aper\u00e7u de la culture et de l'histoire locales que vous pourriez manquer autrement  Ce qui est inclus : Prise en charge et retour \u00e0 l'h\u00f4tel. V\u00e9hicule priv\u00e9 climatis\u00e9 Repas inclus Guide conf\u00e9rencier Ce qui n'est pas inclus : D\u00e9penses personnelles Pourboires","og_url":"https:\/\/test.escapade-hotels.com\/index.php\/product\/visite-de-dubai-aladdin\/","og_site_name":"test.escapade-hotels.com","article_modified_time":"2024-07-30T21:14:54+00:00","og_image":[{"width":1300,"height":731,"url":"https:\/\/test.escapade-hotels.com\/wp-content\/uploads\/2024\/04\/3-6-1300x731.png","type":"image\/png"}],"twitter_card":"summary_large_image","twitter_misc":{"Dur\u00e9e de lecture estim\u00e9e":"1 minute"},"schema":{"@context":"https:\/\/schema.org","@graph":[{"@type":"WebPage","@id":"https:\/\/test.escapade-hotels.com\/index.php\/product\/visite-de-dubai-aladdin\/","url":"https:\/\/test.escapade-hotels.com\/index.php\/product\/visite-de-dubai-aladdin\/","name":"VISITE DE DUBA\u00cf ALADDIN - test.escapade-hotels.com","isPartOf":{"@id":"https:\/\/test.escapade-hotels.com\/#website"},"primaryImageOfPage":{"@id":"https:\/\/test.escapade-hotels.com\/index.php\/product\/visite-de-dubai-aladdin\/#primaryimage"},"image":{"@id":"https:\/\/test.escapade-hotels.com\/index.php\/product\/visite-de-dubai-aladdin\/#primaryimage"},"thumbnailUrl":"https:\/\/test.escapade-hotels.com\/wp-content\/uploads\/2024\/04\/3-6.png","datePublished":"2024-04-10T19:34:06+00:00","dateModified":"2024-07-30T21:14:54+00:00","breadcrumb":{"@id":"https:\/\/test.escapade-hotels.com\/index.php\/product\/visite-de-dubai-aladdin\/#breadcrumb"},"inLanguage":"fr-FR","potentialAction":[{"@type":"ReadAction","target":["https:\/\/test.escapade-hotels.com\/index.php\/product\/visite-de-dubai-aladdin\/"]}]},{"@type":"ImageObject","inLanguage":"fr-FR","@id":"https:\/\/test.escapade-hotels.com\/index.php\/product\/visite-de-dubai-aladdin\/#primaryimage","url":"https:\/\/test.escapade-hotels.com\/wp-content\/uploads\/2024\/04\/3-6.png","contentUrl":"https:\/\/test.escapade-hotels.com\/wp-content\/uploads\/2024\/04\/3-6.png","width":1920,"height":1080},{"@type":"BreadcrumbList","@id":"https:\/\/test.escapade-hotels.com\/index.php\/product\/visite-de-dubai-aladdin\/#breadcrumb","itemListElement":[{"@type":"ListItem","position":1,"name":"Accueil","item":"https:\/\/test.escapade-hotels.com\/"},{"@type":"ListItem","position":2,"name":"Shop","item":"https:\/\/test.escapade-hotels.com\/index.php\/shop\/"},{"@type":"ListItem","position":3,"name":"VISITE DE DUBA\u00cf ALADDIN"}]},{"@type":"WebSite","@id":"https:\/\/test.escapade-hotels.com\/#website","url":"https:\/\/test.escapade-hotels.com\/","name":"test.escapade-hotels.com","description":"Escapade H\u00f4tels agence de voyage","potentialAction":[{"@type":"SearchAction","target":{"@type":"EntryPoint","urlTemplate":"https:\/\/test.escapade-hotels.com\/?s={search_term_string}"},"query-input":"required name=search_term_string"}],"inLanguage":"fr-FR"}]}},"_links":{"self":[{"href":"https:\/\/test.escapade-hotels.com\/index.php\/wp-json\/wp\/v2\/product\/10683"}],"collection":[{"href":"https:\/\/test.escapade-hotels.com\/index.php\/wp-json\/wp\/v2\/product"}],"about":[{"href":"https:\/\/test.escapade-hotels.com\/index.php\/wp-json\/wp\/v2\/types\/product"}],"replies":[{"embeddable":true,"href":"https:\/\/test.escapade-hotels.com\/index.php\/wp-json\/wp\/v2\/comments?post=10683"}],"version-history":[{"count":5,"href":"https:\/\/test.escapade-hotels.com\/index.php\/wp-json\/wp\/v2\/product\/10683\/revisions"}],"predecessor-version":[{"id":13844,"href":"https:\/\/test.escapade-hotels.com\/index.php\/wp-json\/wp\/v2\/product\/10683\/revisions\/13844"}],"wp:featuredmedia":[{"embeddable":true,"href":"https:\/\/test.escapade-hotels.com\/index.php\/wp-json\/wp\/v2\/media\/10685"}],"wp:attachment":[{"href":"https:\/\/test.escapade-hotels.com\/index.php\/wp-json\/wp\/v2\/media?parent=10683"}],"wp:term":[{"taxonomy":"product_cat","embeddable":true,"href":"https:\/\/test.escapade-hotels.com\/index.php\/wp-json\/wp\/v2\/product_cat?post=10683"},{"taxonomy":"product_tag","embeddable":true,"href":"https:\/\/test.escapade-hotels.com\/index.php\/wp-json\/wp\/v2\/product_tag?post=10683"}],"curies":[{"name":"wp","href":"https:\/\/api.w.org\/{rel}","templated":true}]}}