{"id":10690,"date":"2024-04-10T19:39:45","date_gmt":"2024-04-10T19:39:45","guid":{"rendered":"https:\/\/test.escapade-hotels.com\/?post_type=product&#038;p=10690"},"modified":"2024-04-25T10:03:37","modified_gmt":"2024-04-25T10:03:37","slug":"jetski-le-plus-rapide-de-dubai","status":"publish","type":"product","link":"https:\/\/test.escapade-hotels.com\/index.php\/product\/jetski-le-plus-rapide-de-dubai\/","title":{"rendered":"JETSKI LE PLUS RAPIDE DE DUBA\u00cf"},"content":{"rendered":"","protected":false},"excerpt":{"rendered":"<p>JetSki avec vue sur Skyline et Burj Al Arab<\/p>\n<p>Profitez d&#8217;une balade en jet ski rapide sur la c\u00f4te de la mer d&#8217;Oman lors de cette excursion dirig\u00e9e par un instructeur \u00e0 Duba\u00ef. Ayez le Burj Khalifa et les toits de Duba\u00ef remplis de gratte-ciel comme toile de fond pendant que vous roulez.<br \/>\nL&#8217;\u00e9quipement, un guide d&#8217;escorte, l&#8217;utilisation des casiers et des photos souvenirs sont tous inclus.<\/p>\n<p>Mise \u00e0 niveau pour inclure une option de trente minutes ou d&#8217;une heure.<br \/>\nUne excursion en jet ski \u00e0 Duba\u00ef devant la Burj Khalifa.<br \/>\nAppr\u00e9ciez la vue sur les principales attractions de Duba\u00ef depuis la c\u00f4te.<br \/>\nRoulez avec votre guide pour vous accompagner du d\u00e9but \u00e0 la fin.<\/p>\n<p>Ce qui est inclus :<br \/>\nPrise en charge et retour \u00e0 l&#8217;h\u00f4tel.<br \/>\nV\u00e9hicule priv\u00e9 climatis\u00e9<br \/>\nRepas inclus<br \/>\nGuide conf\u00e9rencier<br \/>\nCe qui n&#8217;est pas inclus :<br \/>\nD\u00e9penses personnelles<br \/>\nPourboires<\/p>\n","protected":false},"featured_media":10693,"comment_status":"open","ping_status":"closed","template":"","meta":[],"product_cat":[108],"product_tag":[],"class_list":{"0":"post-10690","1":"product","2":"type-product","3":"status-publish","4":"has-post-thumbnail","6":"product_cat-excursions-dubai","8":"first","9":"instock","10":"shipping-taxable","11":"purchasable","12":"product-type-simple"},"yoast_head":"<!-- This site is optimized with the Yoast SEO plugin v23.3 - https:\/\/yoast.com\/wordpress\/plugins\/seo\/ -->\n<title>JETSKI LE PLUS RAPIDE DE DUBA\u00cf - test.escapade-hotels.com<\/title>\n<meta name=\"robots\" content=\"index, follow, max-snippet:-1, max-image-preview:large, max-video-preview:-1\" \/>\n<link rel=\"canonical\" href=\"https:\/\/test.escapade-hotels.com\/index.php\/product\/jetski-le-plus-rapide-de-dubai\/\" \/>\n<meta property=\"og:locale\" content=\"fr_FR\" \/>\n<meta property=\"og:type\" content=\"article\" \/>\n<meta property=\"og:title\" content=\"JETSKI LE PLUS RAPIDE DE DUBA\u00cf - test.escapade-hotels.com\" \/>\n<meta property=\"og:description\" content=\"JetSki avec vue sur Skyline et Burj Al Arab  Profitez d&#039;une balade en jet ski rapide sur la c\u00f4te de la mer d&#039;Oman lors de cette excursion dirig\u00e9e par un instructeur \u00e0 Duba\u00ef. Ayez le Burj Khalifa et les toits de Duba\u00ef remplis de gratte-ciel comme toile de fond pendant que vous roulez. L&#039;\u00e9quipement, un guide d&#039;escorte, l&#039;utilisation des casiers et des photos souvenirs sont tous inclus.  Mise \u00e0 niveau pour inclure une option de trente minutes ou d&#039;une heure. Une excursion en jet ski \u00e0 Duba\u00ef devant la Burj Khalifa. Appr\u00e9ciez la vue sur les principales attractions de Duba\u00ef depuis la c\u00f4te. Roulez avec votre guide pour vous accompagner du d\u00e9but \u00e0 la fin.  Ce qui est inclus : Prise en charge et retour \u00e0 l&#039;h\u00f4tel. V\u00e9hicule priv\u00e9 climatis\u00e9 Repas inclus Guide conf\u00e9rencier Ce qui n&#039;est pas inclus : D\u00e9penses personnelles Pourboires\" \/>\n<meta property=\"og:url\" content=\"https:\/\/test.escapade-hotels.com\/index.php\/product\/jetski-le-plus-rapide-de-dubai\/\" \/>\n<meta property=\"og:site_name\" content=\"test.escapade-hotels.com\" \/>\n<meta property=\"article:modified_time\" content=\"2024-04-25T10:03:37+00:00\" \/>\n<meta property=\"og:image\" content=\"https:\/\/test.escapade-hotels.com\/wp-content\/uploads\/2024\/04\/4-5-1300x731.png\" \/>\n\t<meta property=\"og:image:width\" content=\"1300\" \/>\n\t<meta property=\"og:image:height\" content=\"731\" \/>\n\t<meta property=\"og:image:type\" content=\"image\/png\" \/>\n<meta name=\"twitter:card\" content=\"summary_large_image\" \/>\n<script type=\"application\/ld+json\" class=\"yoast-schema-graph\">{\"@context\":\"https:\/\/schema.org\",\"@graph\":[{\"@type\":\"WebPage\",\"@id\":\"https:\/\/test.escapade-hotels.com\/index.php\/product\/jetski-le-plus-rapide-de-dubai\/\",\"url\":\"https:\/\/test.escapade-hotels.com\/index.php\/product\/jetski-le-plus-rapide-de-dubai\/\",\"name\":\"JETSKI LE PLUS RAPIDE DE DUBA\u00cf - test.escapade-hotels.com\",\"isPartOf\":{\"@id\":\"https:\/\/test.escapade-hotels.com\/#website\"},\"primaryImageOfPage\":{\"@id\":\"https:\/\/test.escapade-hotels.com\/index.php\/product\/jetski-le-plus-rapide-de-dubai\/#primaryimage\"},\"image\":{\"@id\":\"https:\/\/test.escapade-hotels.com\/index.php\/product\/jetski-le-plus-rapide-de-dubai\/#primaryimage\"},\"thumbnailUrl\":\"https:\/\/test.escapade-hotels.com\/wp-content\/uploads\/2024\/04\/4-5.png\",\"datePublished\":\"2024-04-10T19:39:45+00:00\",\"dateModified\":\"2024-04-25T10:03:37+00:00\",\"breadcrumb\":{\"@id\":\"https:\/\/test.escapade-hotels.com\/index.php\/product\/jetski-le-plus-rapide-de-dubai\/#breadcrumb\"},\"inLanguage\":\"fr-FR\",\"potentialAction\":[{\"@type\":\"ReadAction\",\"target\":[\"https:\/\/test.escapade-hotels.com\/index.php\/product\/jetski-le-plus-rapide-de-dubai\/\"]}]},{\"@type\":\"ImageObject\",\"inLanguage\":\"fr-FR\",\"@id\":\"https:\/\/test.escapade-hotels.com\/index.php\/product\/jetski-le-plus-rapide-de-dubai\/#primaryimage\",\"url\":\"https:\/\/test.escapade-hotels.com\/wp-content\/uploads\/2024\/04\/4-5.png\",\"contentUrl\":\"https:\/\/test.escapade-hotels.com\/wp-content\/uploads\/2024\/04\/4-5.png\",\"width\":1920,\"height\":1080},{\"@type\":\"BreadcrumbList\",\"@id\":\"https:\/\/test.escapade-hotels.com\/index.php\/product\/jetski-le-plus-rapide-de-dubai\/#breadcrumb\",\"itemListElement\":[{\"@type\":\"ListItem\",\"position\":1,\"name\":\"Accueil\",\"item\":\"https:\/\/test.escapade-hotels.com\/\"},{\"@type\":\"ListItem\",\"position\":2,\"name\":\"Shop\",\"item\":\"https:\/\/test.escapade-hotels.com\/index.php\/shop\/\"},{\"@type\":\"ListItem\",\"position\":3,\"name\":\"JETSKI LE PLUS RAPIDE DE DUBA\u00cf\"}]},{\"@type\":\"WebSite\",\"@id\":\"https:\/\/test.escapade-hotels.com\/#website\",\"url\":\"https:\/\/test.escapade-hotels.com\/\",\"name\":\"test.escapade-hotels.com\",\"description\":\"Escapade H\u00f4tels agence de voyage\",\"potentialAction\":[{\"@type\":\"SearchAction\",\"target\":{\"@type\":\"EntryPoint\",\"urlTemplate\":\"https:\/\/test.escapade-hotels.com\/?s={search_term_string}\"},\"query-input\":\"required name=search_term_string\"}],\"inLanguage\":\"fr-FR\"}]}<\/script>\n<!-- \/ Yoast SEO plugin. -->","yoast_head_json":{"title":"JETSKI LE PLUS RAPIDE DE DUBA\u00cf - test.escapade-hotels.com","robots":{"index":"index","follow":"follow","max-snippet":"max-snippet:-1","max-image-preview":"max-image-preview:large","max-video-preview":"max-video-preview:-1"},"canonical":"https:\/\/test.escapade-hotels.com\/index.php\/product\/jetski-le-plus-rapide-de-dubai\/","og_locale":"fr_FR","og_type":"article","og_title":"JETSKI LE PLUS RAPIDE DE DUBA\u00cf - test.escapade-hotels.com","og_description":"JetSki avec vue sur Skyline et Burj Al Arab  Profitez d'une balade en jet ski rapide sur la c\u00f4te de la mer d'Oman lors de cette excursion dirig\u00e9e par un instructeur \u00e0 Duba\u00ef. Ayez le Burj Khalifa et les toits de Duba\u00ef remplis de gratte-ciel comme toile de fond pendant que vous roulez. L'\u00e9quipement, un guide d'escorte, l'utilisation des casiers et des photos souvenirs sont tous inclus.  Mise \u00e0 niveau pour inclure une option de trente minutes ou d'une heure. Une excursion en jet ski \u00e0 Duba\u00ef devant la Burj Khalifa. Appr\u00e9ciez la vue sur les principales attractions de Duba\u00ef depuis la c\u00f4te. Roulez avec votre guide pour vous accompagner du d\u00e9but \u00e0 la fin.  Ce qui est inclus : Prise en charge et retour \u00e0 l'h\u00f4tel. V\u00e9hicule priv\u00e9 climatis\u00e9 Repas inclus Guide conf\u00e9rencier Ce qui n'est pas inclus : D\u00e9penses personnelles Pourboires","og_url":"https:\/\/test.escapade-hotels.com\/index.php\/product\/jetski-le-plus-rapide-de-dubai\/","og_site_name":"test.escapade-hotels.com","article_modified_time":"2024-04-25T10:03:37+00:00","og_image":[{"width":1300,"height":731,"url":"https:\/\/test.escapade-hotels.com\/wp-content\/uploads\/2024\/04\/4-5-1300x731.png","type":"image\/png"}],"twitter_card":"summary_large_image","schema":{"@context":"https:\/\/schema.org","@graph":[{"@type":"WebPage","@id":"https:\/\/test.escapade-hotels.com\/index.php\/product\/jetski-le-plus-rapide-de-dubai\/","url":"https:\/\/test.escapade-hotels.com\/index.php\/product\/jetski-le-plus-rapide-de-dubai\/","name":"JETSKI LE PLUS RAPIDE DE DUBA\u00cf - test.escapade-hotels.com","isPartOf":{"@id":"https:\/\/test.escapade-hotels.com\/#website"},"primaryImageOfPage":{"@id":"https:\/\/test.escapade-hotels.com\/index.php\/product\/jetski-le-plus-rapide-de-dubai\/#primaryimage"},"image":{"@id":"https:\/\/test.escapade-hotels.com\/index.php\/product\/jetski-le-plus-rapide-de-dubai\/#primaryimage"},"thumbnailUrl":"https:\/\/test.escapade-hotels.com\/wp-content\/uploads\/2024\/04\/4-5.png","datePublished":"2024-04-10T19:39:45+00:00","dateModified":"2024-04-25T10:03:37+00:00","breadcrumb":{"@id":"https:\/\/test.escapade-hotels.com\/index.php\/product\/jetski-le-plus-rapide-de-dubai\/#breadcrumb"},"inLanguage":"fr-FR","potentialAction":[{"@type":"ReadAction","target":["https:\/\/test.escapade-hotels.com\/index.php\/product\/jetski-le-plus-rapide-de-dubai\/"]}]},{"@type":"ImageObject","inLanguage":"fr-FR","@id":"https:\/\/test.escapade-hotels.com\/index.php\/product\/jetski-le-plus-rapide-de-dubai\/#primaryimage","url":"https:\/\/test.escapade-hotels.com\/wp-content\/uploads\/2024\/04\/4-5.png","contentUrl":"https:\/\/test.escapade-hotels.com\/wp-content\/uploads\/2024\/04\/4-5.png","width":1920,"height":1080},{"@type":"BreadcrumbList","@id":"https:\/\/test.escapade-hotels.com\/index.php\/product\/jetski-le-plus-rapide-de-dubai\/#breadcrumb","itemListElement":[{"@type":"ListItem","position":1,"name":"Accueil","item":"https:\/\/test.escapade-hotels.com\/"},{"@type":"ListItem","position":2,"name":"Shop","item":"https:\/\/test.escapade-hotels.com\/index.php\/shop\/"},{"@type":"ListItem","position":3,"name":"JETSKI LE PLUS RAPIDE DE DUBA\u00cf"}]},{"@type":"WebSite","@id":"https:\/\/test.escapade-hotels.com\/#website","url":"https:\/\/test.escapade-hotels.com\/","name":"test.escapade-hotels.com","description":"Escapade H\u00f4tels agence de voyage","potentialAction":[{"@type":"SearchAction","target":{"@type":"EntryPoint","urlTemplate":"https:\/\/test.escapade-hotels.com\/?s={search_term_string}"},"query-input":"required name=search_term_string"}],"inLanguage":"fr-FR"}]}},"_links":{"self":[{"href":"https:\/\/test.escapade-hotels.com\/index.php\/wp-json\/wp\/v2\/product\/10690"}],"collection":[{"href":"https:\/\/test.escapade-hotels.com\/index.php\/wp-json\/wp\/v2\/product"}],"about":[{"href":"https:\/\/test.escapade-hotels.com\/index.php\/wp-json\/wp\/v2\/types\/product"}],"replies":[{"embeddable":true,"href":"https:\/\/test.escapade-hotels.com\/index.php\/wp-json\/wp\/v2\/comments?post=10690"}],"version-history":[{"count":3,"href":"https:\/\/test.escapade-hotels.com\/index.php\/wp-json\/wp\/v2\/product\/10690\/revisions"}],"predecessor-version":[{"id":11794,"href":"https:\/\/test.escapade-hotels.com\/index.php\/wp-json\/wp\/v2\/product\/10690\/revisions\/11794"}],"wp:featuredmedia":[{"embeddable":true,"href":"https:\/\/test.escapade-hotels.com\/index.php\/wp-json\/wp\/v2\/media\/10693"}],"wp:attachment":[{"href":"https:\/\/test.escapade-hotels.com\/index.php\/wp-json\/wp\/v2\/media?parent=10690"}],"wp:term":[{"taxonomy":"product_cat","embeddable":true,"href":"https:\/\/test.escapade-hotels.com\/index.php\/wp-json\/wp\/v2\/product_cat?post=10690"},{"taxonomy":"product_tag","embeddable":true,"href":"https:\/\/test.escapade-hotels.com\/index.php\/wp-json\/wp\/v2\/product_tag?post=10690"}],"curies":[{"name":"wp","href":"https:\/\/api.w.org\/{rel}","templated":true}]}}