{"id":9087,"date":"2024-03-29T22:51:55","date_gmt":"2024-03-29T22:51:55","guid":{"rendered":"https:\/\/test.escapade-hotels.com\/?post_type=product&#038;p=9087"},"modified":"2024-04-09T22:41:47","modified_gmt":"2024-04-09T22:41:47","slug":"une-journee-a-la-vallee-de-lourika","status":"publish","type":"product","link":"https:\/\/test.escapade-hotels.com\/index.php\/product\/une-journee-a-la-vallee-de-lourika\/","title":{"rendered":"Une journ\u00e9e \u00e0 la Vall\u00e9e de L&#8217;ourika"},"content":{"rendered":"<p>Votre heure de d\u00e9part sera vers 9h00, \u00e0 64 km de MARRAKECH, vous suivrez le chemin de la vall\u00e9e de l&#8217;Ourika vers le fleuve Haut Atlas entour\u00e9 de verdure.<\/p>\n<p>Un lieu de promenade et de repos, appr\u00e9ci\u00e9 des marocains et des \u00e9trangers, un grand verger, vall\u00e9e au sud-est de MARRAKECH.<br \/>\nEntre les pentes rouge\u00e2tres ou les villages attenants et les terrasses, une eau claire et abondante coule entre les rochers et arrose les petites prairies.<\/p>\n<p>Apr\u00e8s encore 7 km, vous arriverez \u00e0 Setti Fadma, avec des cascades, l&#8217;endroit le plus attrayant de la vall\u00e9e. Savourez de d\u00e9licieux tajines dans l&#8217;un des nombreux restaurants traditionnels, puis profitez du magnifique paysage de la r\u00e9gion lors d&#8217;une balade \u00e0 dos de chameau ou \u00e0 pied.<\/p>\n<div class=\"col-lg-9\">\n<h4>Ce qui est inclus :<\/h4>\n<ul class=\"list_ok\">\n<li>Prise en charge et retour \u00e0 l&#8217;h\u00f4tel.<\/li>\n<li>V\u00e9hicule priv\u00e9 climatis\u00e9<\/li>\n<li>Repas inclus<\/li>\n<li>Guide conf\u00e9rencier<\/li>\n<\/ul>\n<h4>Ce qui n&#8217;est inclus :<\/h4>\n<ul class=\"list_ok\">\n<li>D\u00e9penses personnelles<\/li>\n<li>Pourboires<\/li>\n<\/ul>\n<p><iframe style=\"border: 0;\" src=\"https:\/\/www.google.com\/maps\/embed?pb=!1m18!1m12!1m3!1d3411.6675036010697!2d-7.6710332244949635!3d31.229939974348262!2m3!1f0!2f0!3f0!3m2!1i1024!2i768!4f13.1!3m3!1m2!1s0xdbaaf23d5837bd3%3A0x8cf5cc0dd15d00b3!2sLa%20vall%C3%A9e%20d'ourika!5e0!3m2!1sfr!2sma!4v1711752362928!5m2!1sfr!2sma\" width=\"600\" height=\"450\" allowfullscreen=\"allowfullscreen\"><\/iframe><\/p>\n<\/div>\n","protected":false},"excerpt":{"rendered":"<p>Votre heure de d\u00e9part sera vers 9h00, \u00e0 64 km de MARRAKECH, vous suivrez le chemin de la vall\u00e9e de<\/p>\n","protected":false},"featured_media":10611,"comment_status":"open","ping_status":"closed","template":"","meta":[],"product_cat":[110,107],"product_tag":[],"class_list":{"0":"post-9087","1":"product","2":"type-product","3":"status-publish","4":"has-post-thumbnail","6":"product_cat-excursions","7":"product_cat-excursions-marrakech","9":"first","10":"instock","11":"shipping-taxable","12":"purchasable","13":"product-type-simple"},"yoast_head":"<!-- This site is optimized with the Yoast SEO plugin v23.3 - https:\/\/yoast.com\/wordpress\/plugins\/seo\/ -->\n<title>Une journ\u00e9e \u00e0 la Vall\u00e9e de L&#039;ourika - test.escapade-hotels.com<\/title>\n<meta name=\"robots\" content=\"index, follow, max-snippet:-1, max-image-preview:large, max-video-preview:-1\" \/>\n<link rel=\"canonical\" href=\"https:\/\/test.escapade-hotels.com\/index.php\/product\/une-journee-a-la-vallee-de-lourika\/\" \/>\n<meta property=\"og:locale\" content=\"fr_FR\" \/>\n<meta property=\"og:type\" content=\"article\" \/>\n<meta property=\"og:title\" content=\"Une journ\u00e9e \u00e0 la Vall\u00e9e de L&#039;ourika - test.escapade-hotels.com\" \/>\n<meta property=\"og:description\" content=\"Votre heure de d\u00e9part sera vers 9h00, \u00e0 64 km de MARRAKECH, vous suivrez le chemin de la vall\u00e9e de\" \/>\n<meta property=\"og:url\" content=\"https:\/\/test.escapade-hotels.com\/index.php\/product\/une-journee-a-la-vallee-de-lourika\/\" \/>\n<meta property=\"og:site_name\" content=\"test.escapade-hotels.com\" \/>\n<meta property=\"article:modified_time\" content=\"2024-04-09T22:41:47+00:00\" \/>\n<meta property=\"og:image\" content=\"https:\/\/test.escapade-hotels.com\/wp-content\/uploads\/2024\/03\/Untitled-design-14-1300x731.png\" \/>\n\t<meta property=\"og:image:width\" content=\"1300\" \/>\n\t<meta property=\"og:image:height\" content=\"731\" \/>\n\t<meta property=\"og:image:type\" content=\"image\/png\" \/>\n<meta name=\"twitter:card\" content=\"summary_large_image\" \/>\n<meta name=\"twitter:label1\" content=\"Dur\u00e9e de lecture estim\u00e9e\" \/>\n\t<meta name=\"twitter:data1\" content=\"1 minute\" \/>\n<script type=\"application\/ld+json\" class=\"yoast-schema-graph\">{\"@context\":\"https:\/\/schema.org\",\"@graph\":[{\"@type\":\"WebPage\",\"@id\":\"https:\/\/test.escapade-hotels.com\/index.php\/product\/une-journee-a-la-vallee-de-lourika\/\",\"url\":\"https:\/\/test.escapade-hotels.com\/index.php\/product\/une-journee-a-la-vallee-de-lourika\/\",\"name\":\"Une journ\u00e9e \u00e0 la Vall\u00e9e de L'ourika - test.escapade-hotels.com\",\"isPartOf\":{\"@id\":\"https:\/\/test.escapade-hotels.com\/#website\"},\"primaryImageOfPage\":{\"@id\":\"https:\/\/test.escapade-hotels.com\/index.php\/product\/une-journee-a-la-vallee-de-lourika\/#primaryimage\"},\"image\":{\"@id\":\"https:\/\/test.escapade-hotels.com\/index.php\/product\/une-journee-a-la-vallee-de-lourika\/#primaryimage\"},\"thumbnailUrl\":\"https:\/\/test.escapade-hotels.com\/wp-content\/uploads\/2024\/03\/Untitled-design-14.png\",\"datePublished\":\"2024-03-29T22:51:55+00:00\",\"dateModified\":\"2024-04-09T22:41:47+00:00\",\"breadcrumb\":{\"@id\":\"https:\/\/test.escapade-hotels.com\/index.php\/product\/une-journee-a-la-vallee-de-lourika\/#breadcrumb\"},\"inLanguage\":\"fr-FR\",\"potentialAction\":[{\"@type\":\"ReadAction\",\"target\":[\"https:\/\/test.escapade-hotels.com\/index.php\/product\/une-journee-a-la-vallee-de-lourika\/\"]}]},{\"@type\":\"ImageObject\",\"inLanguage\":\"fr-FR\",\"@id\":\"https:\/\/test.escapade-hotels.com\/index.php\/product\/une-journee-a-la-vallee-de-lourika\/#primaryimage\",\"url\":\"https:\/\/test.escapade-hotels.com\/wp-content\/uploads\/2024\/03\/Untitled-design-14.png\",\"contentUrl\":\"https:\/\/test.escapade-hotels.com\/wp-content\/uploads\/2024\/03\/Untitled-design-14.png\",\"width\":1920,\"height\":1080},{\"@type\":\"BreadcrumbList\",\"@id\":\"https:\/\/test.escapade-hotels.com\/index.php\/product\/une-journee-a-la-vallee-de-lourika\/#breadcrumb\",\"itemListElement\":[{\"@type\":\"ListItem\",\"position\":1,\"name\":\"Accueil\",\"item\":\"https:\/\/test.escapade-hotels.com\/\"},{\"@type\":\"ListItem\",\"position\":2,\"name\":\"Shop\",\"item\":\"https:\/\/test.escapade-hotels.com\/index.php\/shop\/\"},{\"@type\":\"ListItem\",\"position\":3,\"name\":\"Une journ\u00e9e \u00e0 la Vall\u00e9e de L&#8217;ourika\"}]},{\"@type\":\"WebSite\",\"@id\":\"https:\/\/test.escapade-hotels.com\/#website\",\"url\":\"https:\/\/test.escapade-hotels.com\/\",\"name\":\"test.escapade-hotels.com\",\"description\":\"Escapade H\u00f4tels agence de voyage\",\"potentialAction\":[{\"@type\":\"SearchAction\",\"target\":{\"@type\":\"EntryPoint\",\"urlTemplate\":\"https:\/\/test.escapade-hotels.com\/?s={search_term_string}\"},\"query-input\":\"required name=search_term_string\"}],\"inLanguage\":\"fr-FR\"}]}<\/script>\n<!-- \/ Yoast SEO plugin. -->","yoast_head_json":{"title":"Une journ\u00e9e \u00e0 la Vall\u00e9e de L'ourika - test.escapade-hotels.com","robots":{"index":"index","follow":"follow","max-snippet":"max-snippet:-1","max-image-preview":"max-image-preview:large","max-video-preview":"max-video-preview:-1"},"canonical":"https:\/\/test.escapade-hotels.com\/index.php\/product\/une-journee-a-la-vallee-de-lourika\/","og_locale":"fr_FR","og_type":"article","og_title":"Une journ\u00e9e \u00e0 la Vall\u00e9e de L'ourika - test.escapade-hotels.com","og_description":"Votre heure de d\u00e9part sera vers 9h00, \u00e0 64 km de MARRAKECH, vous suivrez le chemin de la vall\u00e9e de","og_url":"https:\/\/test.escapade-hotels.com\/index.php\/product\/une-journee-a-la-vallee-de-lourika\/","og_site_name":"test.escapade-hotels.com","article_modified_time":"2024-04-09T22:41:47+00:00","og_image":[{"width":1300,"height":731,"url":"https:\/\/test.escapade-hotels.com\/wp-content\/uploads\/2024\/03\/Untitled-design-14-1300x731.png","type":"image\/png"}],"twitter_card":"summary_large_image","twitter_misc":{"Dur\u00e9e de lecture estim\u00e9e":"1 minute"},"schema":{"@context":"https:\/\/schema.org","@graph":[{"@type":"WebPage","@id":"https:\/\/test.escapade-hotels.com\/index.php\/product\/une-journee-a-la-vallee-de-lourika\/","url":"https:\/\/test.escapade-hotels.com\/index.php\/product\/une-journee-a-la-vallee-de-lourika\/","name":"Une journ\u00e9e \u00e0 la Vall\u00e9e de L'ourika - test.escapade-hotels.com","isPartOf":{"@id":"https:\/\/test.escapade-hotels.com\/#website"},"primaryImageOfPage":{"@id":"https:\/\/test.escapade-hotels.com\/index.php\/product\/une-journee-a-la-vallee-de-lourika\/#primaryimage"},"image":{"@id":"https:\/\/test.escapade-hotels.com\/index.php\/product\/une-journee-a-la-vallee-de-lourika\/#primaryimage"},"thumbnailUrl":"https:\/\/test.escapade-hotels.com\/wp-content\/uploads\/2024\/03\/Untitled-design-14.png","datePublished":"2024-03-29T22:51:55+00:00","dateModified":"2024-04-09T22:41:47+00:00","breadcrumb":{"@id":"https:\/\/test.escapade-hotels.com\/index.php\/product\/une-journee-a-la-vallee-de-lourika\/#breadcrumb"},"inLanguage":"fr-FR","potentialAction":[{"@type":"ReadAction","target":["https:\/\/test.escapade-hotels.com\/index.php\/product\/une-journee-a-la-vallee-de-lourika\/"]}]},{"@type":"ImageObject","inLanguage":"fr-FR","@id":"https:\/\/test.escapade-hotels.com\/index.php\/product\/une-journee-a-la-vallee-de-lourika\/#primaryimage","url":"https:\/\/test.escapade-hotels.com\/wp-content\/uploads\/2024\/03\/Untitled-design-14.png","contentUrl":"https:\/\/test.escapade-hotels.com\/wp-content\/uploads\/2024\/03\/Untitled-design-14.png","width":1920,"height":1080},{"@type":"BreadcrumbList","@id":"https:\/\/test.escapade-hotels.com\/index.php\/product\/une-journee-a-la-vallee-de-lourika\/#breadcrumb","itemListElement":[{"@type":"ListItem","position":1,"name":"Accueil","item":"https:\/\/test.escapade-hotels.com\/"},{"@type":"ListItem","position":2,"name":"Shop","item":"https:\/\/test.escapade-hotels.com\/index.php\/shop\/"},{"@type":"ListItem","position":3,"name":"Une journ\u00e9e \u00e0 la Vall\u00e9e de L&#8217;ourika"}]},{"@type":"WebSite","@id":"https:\/\/test.escapade-hotels.com\/#website","url":"https:\/\/test.escapade-hotels.com\/","name":"test.escapade-hotels.com","description":"Escapade H\u00f4tels agence de voyage","potentialAction":[{"@type":"SearchAction","target":{"@type":"EntryPoint","urlTemplate":"https:\/\/test.escapade-hotels.com\/?s={search_term_string}"},"query-input":"required name=search_term_string"}],"inLanguage":"fr-FR"}]}},"_links":{"self":[{"href":"https:\/\/test.escapade-hotels.com\/index.php\/wp-json\/wp\/v2\/product\/9087"}],"collection":[{"href":"https:\/\/test.escapade-hotels.com\/index.php\/wp-json\/wp\/v2\/product"}],"about":[{"href":"https:\/\/test.escapade-hotels.com\/index.php\/wp-json\/wp\/v2\/types\/product"}],"replies":[{"embeddable":true,"href":"https:\/\/test.escapade-hotels.com\/index.php\/wp-json\/wp\/v2\/comments?post=9087"}],"version-history":[{"count":4,"href":"https:\/\/test.escapade-hotels.com\/index.php\/wp-json\/wp\/v2\/product\/9087\/revisions"}],"predecessor-version":[{"id":9120,"href":"https:\/\/test.escapade-hotels.com\/index.php\/wp-json\/wp\/v2\/product\/9087\/revisions\/9120"}],"wp:featuredmedia":[{"embeddable":true,"href":"https:\/\/test.escapade-hotels.com\/index.php\/wp-json\/wp\/v2\/media\/10611"}],"wp:attachment":[{"href":"https:\/\/test.escapade-hotels.com\/index.php\/wp-json\/wp\/v2\/media?parent=9087"}],"wp:term":[{"taxonomy":"product_cat","embeddable":true,"href":"https:\/\/test.escapade-hotels.com\/index.php\/wp-json\/wp\/v2\/product_cat?post=9087"},{"taxonomy":"product_tag","embeddable":true,"href":"https:\/\/test.escapade-hotels.com\/index.php\/wp-json\/wp\/v2\/product_tag?post=9087"}],"curies":[{"name":"wp","href":"https:\/\/api.w.org\/{rel}","templated":true}]}}